{"id":376,"date":"2019-09-30T18:46:55","date_gmt":"2019-09-30T18:46:55","guid":{"rendered":"https:\/\/recardio.online\/das-zertifizierte-recardio-wird-von-aerzten-empfohlen\/"},"modified":"2020-12-02T15:08:45","modified_gmt":"2020-12-02T15:08:45","slug":"das-zertifizierte-recardio-wird-von-aerzten-empfohlen","status":"publish","type":"page","link":"https:\/\/recardio.online\/et\/","title":{"rendered":"Recardio Osta tahvelarvuteid Saksamaalt &#8211; hinnad ja kogemused"},"content":{"rendered":"\r\n<p>K\u00f5rge verer\u00f5hk on oluline k\u00f5igi jaoks, sest ka noorem p\u00f5lvkond on paljude tegurite t\u00f5ttu ohus:<\/p>\r\n\r\n\r\n\r\n<ul>\r\n<li>Geneetiline eelsoodumus<\/li>\r\n<li>Pidev stress ja pinge soodustavad k\u00f5rget verer\u00f5hku<\/li>\r\n<li>Kuid ka liigsed eluviisid pole soovitavad<\/li>\r\n<\/ul>\r\n<p><a class=\"maxbutton-1 maxbutton maxbutton-cta\" target=\"_blank\" rel=\"nofollow noopener\" href=\"\/go\/\"><span class='mb-text'>&gt;&gt; Osta Recardio veebist<\/span><\/a> <br \/><br \/><\/p>\r\n\r\n\r\n\r\n\r\n<p><strong>Aja jooksul s\u00fcmptomid s\u00fcvenevad, mida paljud p\u00f5dejad ignoreerivad.<\/strong> Sellest ei piisa, kui luua rahulikum stressivaba argip\u00e4ev, ilma teraapiata ei normaliseeru k\u00f5rge verer\u00f5hk enam. Siinkohal on Recardio \u00e4\u00e4rmiselt kasulik abimeede. Recardio on ainult looduslike koostisosadega toode, mida m\u00fc\u00fcakse kapslite kujul. Eesm\u00e4rgiks on veresoonte elustamine ja samal ajal verer\u00f5hu k\u00f5ikumiste v\u00f5imalikult suur normaliseerimine. M\u00f5ned koostisosad pakuvad loomulikku kohest leevendust. <strong>K\u00f5rvaltoimeid ei leitud ega ka s\u00f5ltuvust.<\/strong><\/p>\r\n\r\n\r\n\r\n<ul>\r\n<li>N\u00f5ges soodustab vereringet ja lahustab trombe<\/li>\r\n<li>Sarapuu tagab veresoonte elastsuse, normaliseerib vereringet<\/li>\r\n<li>Vere moodustumise eest vastutab vitamiin B1 tiamiin<\/li>\r\n<li>Vitamiin B 2 riboflaviin moodustab punaseid vereliblesid ja antikehi<\/li>\r\n<li>Vitamiin B6 alandab verer\u00f5hku kehakudedes<\/li>\r\n<\/ul>\r\n\r\n\r\n\r\n<p>K\u00f5ige levinumad p\u00f5hjused, mis p\u00f5hjustavad t\u00f5siseid haigusi, h\u00e4vitatakse v\u00f5i kaovad t\u00e4ielikult t\u00e4nu Recardio&#8217;le:<\/p>\r\n\r\n\r\n\r\n<ul>\r\n<li>Patsient muutub rahulikumaks ja ps\u00fchholoogiline stress v\u00e4heneb<\/li>\r\n<li>Recardio&#8217;t saab kasutada ka veenilaiendite korral, millel on tromboosirisk<\/li>\r\n<li>k\u00f5rge veresuhkur ja rasvumine; Parandamine l\u00e4bi Recardio<\/li>\r\n<\/ul>\r\n\r\n\r\n\r\n<p>N\u00f5gest sisaldavaid tooteid kasutatakse selges\u00f5naliselt kaugelearenenud 2. t\u00fc\u00fcpi suhkurt\u00f5ve raviks. Teadlased leidsid, et k\u00f5rgenenud verer\u00f5hu vastu v\u00f5itlemisel v\u00f5etakse eriti arvesse riboflaviini staatuse optimeerimist.<\/p>\r\n\r\n\r\n\r\n<figure class=\"wp-block-image\">\r\n<div style=\"width: 650px\" class=\"wp-caption alignnone\"><img loading=\"lazy\" src=\"https:\/\/lh5.googleusercontent.com\/-VPd-xprczZfr7NuPcWtd1XkUoIfxKUD8uwZwU3CGslytheTNS1wKR0Tcn8we9E8RQwGy4zmD3MTpEJW5r6T_LYMAqFqdUhScCZ8-eGW3ftP9_Lj-rXI05Uw28Fv0ty7ucCw4xVq\" alt=\"Recardio - Den Bluthochdruck bek\u00e4mpfen\" width=\"640\" height=\"426\" \/><p class=\"wp-caption-text\">Recardio abil saate h\u00f5lpsalt ja mugavalt v\u00f5idelda k\u00f5rge verer\u00f5huga<\/p><\/div>\r\n<\/figure>\r\n\r\n\r\n\r\n\r\n<p>Recardios on 9 v\u00f5imalikust punktist 8. Vastav test esitab m\u00f5ned numbrid:<\/p>\r\n\r\n\r\n\r\n\n<table id=\"tablepress-9\" class=\"tablepress tablepress-id-9\">\n<tbody class=\"row-hover\">\n<tr class=\"row-1 odd\">\n\t<td class=\"column-1\">Nat\u00fcrliche Vitalstoffe<\/td><td class=\"column-2\">9 Punkte = optimal<\/td>\n<\/tr>\n<tr class=\"row-2 even\">\n\t<td class=\"column-1\">Studienergebnisse bewerten die Resultate nach Punkten<\/td><td class=\"column-2\">7.0<\/td>\n<\/tr>\n<tr class=\"row-3 odd\">\n\t<td class=\"column-1\">Wirksamkeit<\/td><td class=\"column-2\">8.5<\/td>\n<\/tr>\n<tr class=\"row-4 even\">\n\t<td class=\"column-1\">Keine Nebenwirkungen<\/td><td class=\"column-2\">7.5<\/td>\n<\/tr>\n<\/tbody>\n<\/table>\n<!-- #tablepress-9 from cache -->\r\n\r\n\r\n\r\n<h2><strong>Osta Recardio Saksamaalt<\/strong><\/h2>\r\n\r\n\r\n\r\n<p>Recardio tellitakse veebis tootja veebisaidi kaudu. K\u00f5ik, mida peate tegema, on t\u00e4ita eelnevalt tr\u00fckitud vorm ja saadetis saadetakse postipakkina. <strong>Valmistis on k\u00e4sim\u00fc\u00fcgis, t\u00e4iendav t\u00f5end selle kohta, et see ei sisalda antibiootikume ega s\u00fcnteetilisi koostisosi.<\/strong>\u00a0Tootja soovitab s\u00f5naselgelt, et tellimust tuleks t\u00f6\u00f6delda ainult tootja ametliku veebisaidi kaudu. Kahjuks on v\u00f5imalik, et Internetis pakutakse v\u00f5ltsinguid, mis v\u00f5ivad sisaldada samu lubadusi. M\u00f5ju on aga null, sest kompositsiooni ei saa originaali j\u00e4rgi kohandada.<\/p>\r\n\r\n\r\n\r\n<h2><strong>Positiivsed Recardio kogemused<\/strong><\/h2>\r\n\r\n\r\n\r\n<p>Kliinilised uuringud kinnitavad looduslike koostisosade efektiivsust ja koostist. K\u00f5rvaltoimeid ei olnud v\u00f5imalik kindlaks teha. Recardio on hinnatud soovitatavaks preparaadiks verer\u00f5hu normaliseerimiseks. Paljud Saksamaa patsiendid hindavad seda preparaati j\u00e4rgmiste tulemustega:<\/p>\r\n\r\n\r\n\r\n<ul>\r\n<li>Recardio saab ilma retseptita ja see ei sisalda keemilisi komponente<\/li>\r\n<li>looduslikud koostisosad on kahjutud<\/li>\r\n<li>Recardio hind on talutav ja tellimust saab Internetis h\u00f5lpsasti t\u00f6\u00f6delda<\/li>\r\n<\/ul>\r\n\r\n\r\n\r\n<p>Eelistatud on Recardio; \u00f5iges annuses sisalduvad toimeained tagavad suurep\u00e4rase tulemuse. Inimorganism k\u00fcll taastub, kuid seda uuenemist tuleb v\u00e4ljastpoolt stimuleerida. Recardio v\u00f5tab selle \u00fclesande enda kanda. V\u00e4\u00e4rib m\u00e4rkimist, et Recardio v\u00f5itis paljud patsiendid Saksamaal. Kui soovite tellida, on oluline teada, et Recardio hind on praegu 39 euro asemel 78 eurot. Seda kampaaniat on m\u00f5ttekas kasutada ja teha ulatuslik tellimus. Recardio tabletid ei kuulu pakkumisse, pakkumine p\u00f5hineb kapslitel. Recardio hinded positiivse kogemusega. Negatiivsed kogemused on tavaliselt tingitud asjaolust, et ettevalmistusi ei v\u00f5etud j\u00e4rjepidevalt. Katse faas on 30 p\u00e4eva, kuigi m\u00f5ju on tavaliselt m\u00e4rgatav varem.<\/p>\r\n\r\n\r\n\r\n<h3><strong>Terapeutide poolt esitatavad Recardio kogemused<\/strong><\/h3>\r\n\r\n\r\n\r\n<p>Alles p\u00e4rast kliiniliste \u00fclevaatuste l\u00e4biviimist on terapeudid valmis hinnangut andma. Recardio on praegu hinnatud h\u00fcpertensiooni kategoorias parimaks ja t\u00f5husamaks preparaadiks. 98% k\u00f5igist registreeritud patsientidest elab p\u00e4rast ravi Recardioga normaalse verer\u00f5hu v\u00e4\u00e4rtusega. T\u00fc\u00fctud s\u00fcmptomid k\u00f5rvaldab Recardio t\u00e4ielikult. Preparaati v\u00f5ib kasutada haiguse igas staadiumis.<\/p>\r\n\r\n\r\n\r\n<figure class=\"wp-block-image\">\r\n<div style=\"width: 650px\" class=\"wp-caption alignnone\"><img loading=\"lazy\" src=\"https:\/\/lh4.googleusercontent.com\/rgZJAIwZkenFlmw75cJNKC680v2frHMFeEYp3uOSjE7LInE3dgEckR2eAPPVVUamGuhHdsBcxmBrlhCNpQAdiG1X0R4v6ipfS1xJQaYQwmyUZsF-FM8keDoKDJgLNzEGBFduahkH\" alt=\"Recardio - Ihr Medikament gegen Bluthochdruck\" width=\"640\" height=\"426\" \/><p class=\"wp-caption-text\">Kaasaegne looduslikest ainetest valmistatud ravim, mis hoolitseb kardiovaskulaarse s\u00fcsteemi eest<\/p><\/div>\r\n<\/figure>\r\n\r\n\r\n\r\n<h2><strong>Standardmetoodika j\u00e4rgi arvutatud Recardio efektiivsus<\/strong><\/h2>\r\n\r\n\r\n\r\n<p>Testiti sadu haigeid inimesi, protsent n\u00e4itab positiivseid tulemusi:<\/p>\r\n\r\n\r\n\n<table id=\"tablepress-10\" class=\"tablepress tablepress-id-10\">\n<tbody class=\"row-hover\">\n<tr class=\"row-1 odd\">\n\t<td class=\"column-1\">Getestet wurde<\/td><td class=\"column-2\">Ergebnis in %<\/td><td class=\"column-3\">Nebeneffekte \u2013 allergische Reaktionen<\/td>\n<\/tr>\n<tr class=\"row-2 even\">\n\t<td class=\"column-1\">Normalisierung des Blutdrucks<\/td><td class=\"column-2\">97 %<\/td><td class=\"column-3\">Keine<\/td>\n<\/tr>\n<tr class=\"row-3 odd\">\n\t<td class=\"column-1\">Venenthrombose beseitigt<\/td><td class=\"column-2\">80 %<\/td><td class=\"column-3\">Keine<\/td>\n<\/tr>\n<tr class=\"row-4 even\">\n\t<td class=\"column-1\">Starkes Herzklopfen beseitigt<\/td><td class=\"column-2\">99 %<\/td><td class=\"column-3\">Keine<\/td>\n<\/tr>\n<tr class=\"row-5 odd\">\n\t<td class=\"column-1\">Kopfschmerz beseitigt<\/td><td class=\"column-2\">100 %<\/td><td class=\"column-3\">Keine<\/td>\n<\/tr>\n<tr class=\"row-6 even\">\n\t<td class=\"column-1\">Schlafst\u00f6rungen beseitigt<\/td><td class=\"column-2\">97 %<\/td><td class=\"column-3\">Keine<\/td>\n<\/tr>\n<\/tbody>\n<\/table>\n<!-- #tablepress-10 from cache -->\n<a class=\"maxbutton-1 maxbutton maxbutton-cta\" target=\"_blank\" rel=\"nofollow noopener\" href=\"\/go\/\"><span class='mb-text'>&gt;&gt; Osta Recardio veebist<\/span><\/a>\n\r\n\r\n\r\n<p>\u201eK\u00f5rvaldamine\u201d t\u00e4hendab, et isegi kuue kuu m\u00f6\u00f6dumisel ei olnud kaebusi. Recardio on tunnustatud soovitatav sertifikaadiga toode. Kasu on h\u00e4sti teada. Insuldi ja s\u00fcdameataki riski v\u00e4hendatakse Recardio v\u00f5tmisega oluliselt. Tavap\u00e4raseid k\u00f5rge verer\u00f5hu preparaate seostatakse sageli k\u00f5rvaltoimetega.<\/p>\r\n\r\n\r\n\r\n<h2><strong>Recardio &#8211; \u00fcksikasjad<\/strong><\/h2>\r\n\r\n\r\n\r\n<p>Recardio on kliiniliselt testitud, sertifitseeritud ja seda on lihtne kasutada. Valem t\u00f6\u00f6tati v\u00e4lja nii, et retsepti koostamisel v\u00f5eti arvesse k\u00f5iki k\u00f5rge verer\u00f5hku p\u00f5hjustavaid p\u00f5hjuseid. <strong>Keskendutakse mitte ainult s\u00fcmptomite k\u00f5rvaldamisele, vaid ka s\u00fcmptomite p\u00f5hjustele.<\/strong>\u00a0Uuringute tulemus kinnitab, et verer\u00f5hu normaliseerumine pole praegu tagatud, vaid v\u00e4hemalt selliseid probleeme tulevikus ei esine. seni, kuni preparaati kasutatakse. M\u00f5ned p\u00f5hjused, mis veenavad toodet:<\/p>\r\n\r\n\r\n\r\n<ul>\r\n<li>Esiteks verer\u00f5hu normaliseerimine<\/li>\r\n<li>rahustav toime tagab stressihaigetele l\u00f5\u00f5gastumise<\/li>\r\n<li>kardiovaskulaarne s\u00fcsteem t\u00f6\u00f6tab normaalselt<\/li>\r\n<li>Recardiot saab kasutada iga patsiendi jaoks<\/li>\r\n<li>anuma seinad on samaaegselt tugevdatud ja puhastatud<\/li>\r\n<\/ul>\r\n\r\n\r\n\r\n<p>L\u00f5\u00f5gastava toimega \u00fcldist heaolu tuleb hinnata plusspunktidena. Kilpn\u00e4\u00e4rme funktsioon paraneb, suhkrusisaldus normaliseerub samal ajal <strong>kahjulik kolesterool v\u00e4heneb m\u00e4rkimisv\u00e4\u00e4rselt.<\/strong>\u00a0N\u00f5rkus ja pearinglus kaovad t\u00e4ielikult. Record takistab ka ateroskleroosi arengut. Seda kasutatakse \u00fche kapsli v\u00f5tmisel kaks korda p\u00e4evas.<\/p>\r\n\r\n\r\n\r\n<h3><strong>Recardio k\u00f5rvaldab s\u00fcmptomid l\u00fchikese aja jooksul<\/strong><\/h3>\r\n\r\n\r\n\r\n<p>T\u00fc\u00fctu valu templites ja sellega seotud pearinglus kaovad p\u00e4rast Recardio v\u00f5tmist. Migreen on silmade survel m\u00e4rgatav, Recardio eemaldab ka selle s\u00fcmptomi. Edasised ebamugavused v\u00e4henevad v\u00f5i v\u00e4listatakse t\u00e4ielikult. Paranemine on m\u00e4rgatav 100% juhtudest:<\/p>\r\n\r\n\r\n\r\n<ul>\r\n<li>S\u00fcda rahuneb, \u00fckski v\u00f5istluss\u00fcda ei m\u00f5juta \u00fcldseisundit<\/li>\r\n<li>Pidev v\u00e4simus koos halva tujuga on minevik<\/li>\r\n<li>L\u00fchikese aja p\u00e4rast ei m\u00e4rka patsiendid enam j\u00e4semete tuimust, eriti \u00f6\u00f6sel<\/li>\r\n<li>Hingeldus raskete tegevuste ajal on v\u00e4hem m\u00e4rgatav<\/li>\r\n<\/ul>\r\n\r\n\r\n\r\n<p>Siiski pole soovitatav ise annust suurendada v\u00f5i v\u00e4hendada. Kindlasti peaksite kapsleid v\u00f5tma vastavalt tootja juhistele.<\/p>\r\n\r\n\r\n\r\n<figure class=\"wp-block-image\">\r\n<div style=\"width: 650px\" class=\"wp-caption alignnone\"><img loading=\"lazy\" src=\"https:\/\/lh3.googleusercontent.com\/1bDpYxzfFzW4z7GOlnv0q_dSb7wJCXxb_bIrJXbwQ1XgQBIBewAxBKoin8FI7yAEHxbJnqsEQpPooc4Uh51TDH4Uph09YHnyWhQj-XAxnwGvb3eXnXg6xFpC8WM9aq6F7LqJ8rW_\" alt=\"Recardio - Medikament zur Behandlung von Bluthochdruck\" width=\"640\" height=\"398\" \/><p class=\"wp-caption-text\">Recardio abil saate verer\u00f5hku aja jooksul normaliseerida. Teie heaolu on oluline!<\/p><\/div>\r\n<\/figure>\r\n\r\n\r\n\r\n<h2><strong>Kontrollige oma tervist<\/strong><\/h2>\r\n\r\n\r\n\r\n<p>Kui teil on m\u00f5ni j\u00e4rgmistest, peate kohe alustama Recardio v\u00f5tmist:<\/p>\r\n\r\n\r\n\r\n<ul>\r\n<li>V\u00e4givaldne p\u00fcsiv peavalu<\/li>\r\n<li>kui olete \u00e4rrituv, kannatate unetuse k\u00e4es<\/li>\r\n<li>vaade on m\u00f5nikord h\u00e4gune<\/li>\r\n<li>nad on altid higistama<\/li>\r\n<li>krooniline v\u00e4simus ja s\u00fcdamepekslemine tekivad sageli koos<\/li>\r\n<li>s\u00f5rmed on sageli k\u00fclmad ja tuimad<\/li>\r\n<li>kannatavad verer\u00f5hu k\u00f5ikumiste all<\/li>\r\n<li>normaalne verer\u00f5hk on 120\/80. Mis on teie verer\u00f5hk<\/li>\r\n<\/ul>\r\n\r\n\r\n\r\n<p>\u00c4rge v\u00f5tke neid m\u00e4rke kergelt, vaid v\u00f5itlege nende vastu Recardio v\u00f5tmisega. Recardio ostmine on Internetis h\u00f5lpsalt teostatav m\u00f5ne hiirekl\u00f5psuga. Kui teil tekib Recardio, j\u00f5ustub efekt kohe. Parandamiseks ei pea te p\u00e4evi ootama. Ebatervislik eluviis soodustab k\u00f5rget verer\u00f5hku ja suitsetamine. Alkoholi tarbimine koos p\u00f5him\u00f5tteliselt vale dieediga on edasised sammud k\u00f5rge verer\u00f5hu saavutamiseks. Stress ja k\u00f5rge kolesteroolitase on sama kahjulikud. Teadlased leidsid, et bioflavonoid aitab oluliselt kaasa normaalsele verer\u00f5hule. On t\u00f5estatud, et Recardio sisaldab m\u00e4rkimisv\u00e4\u00e4rses koguses bioflavonoidi, samas kui m\u00f5ned konkreetsed ravimid sisaldavad seda toimeainet, kuid mitte parimate tulemuste saamiseks.<\/p>\r\n\r\n\r\n\r\n<h2><strong>Spetsiaalse eksami tulemus<\/strong><\/h2>\r\n\r\n\r\n\r\n<p>\u00dcks testitavate r\u00fchm v\u00f5ttis selges\u00f5naliselt Recardio, teine \u200b\u200br\u00fchm samade s\u00fcmptomitega \u201cplatseebot\u201d.<\/p>\r\n\r\n\r\n\n<table id=\"tablepress-11\" class=\"tablepress tablepress-id-11\">\n<tbody class=\"row-hover\">\n<tr class=\"row-1 odd\">\n\t<td class=\"column-1\"><\/td><td class=\"column-2\">Placebo<\/td><td class=\"column-3\">Recardio<\/td>\n<\/tr>\n<tr class=\"row-2 even\">\n\t<td class=\"column-1\">Blutdrucknormalisierung<\/td><td class=\"column-2\">1 %<\/td><td class=\"column-3\">100 %<\/td>\n<\/tr>\n<tr class=\"row-3 odd\">\n\t<td class=\"column-1\">Venenthrombose beseitigt<\/td><td class=\"column-2\">Keine Wirkung<\/td><td class=\"column-3\">90 %<\/td>\n<\/tr>\n<tr class=\"row-4 even\">\n\t<td class=\"column-1\">Beseitigung der Arrhythmie, eine Art Herzrhythmusst\u00f6rung<\/td><td class=\"column-2\">2 %<\/td><td class=\"column-3\">99 %<\/td>\n<\/tr>\n<\/tbody>\n<\/table>\n<!-- #tablepress-11 from cache -->\n\r\n\r\n\r\n<p>Tulemused \u00fctlevad piisavalt. Juba esimese kuue tunniga oli m\u00e4rgatav paranemine. S\u00fcdamefunktsioon reguleerib ennast.Taimerakud sobivad keharakkudega, nii et paranemine toimub suhteliselt kiiresti. Verer\u00f5hku langetatakse loomulikult. Ravimid, mis v\u00e4hendavad verer\u00f5hku &#8220;keemilise haamriga&#8221;, teevad ainult kahju ja pole sellest suurt kasu. Recardio v\u00e4hendab automaatselt riske, mis viitavad insuldile, s\u00fcdameatakile, diabeedile.<\/p>\r\n\r\n\r\n\r\n<figure class=\"wp-block-image\">\r\n<div style=\"width: 650px\" class=\"wp-caption alignnone\"><img loading=\"lazy\" src=\"https:\/\/lh5.googleusercontent.com\/GX_AQEZZQTYpBawQPV6gtd6wQ4itfgeNKMQO9UhOH7F7N70pttX5pYIseYbgr4TDNYuu5qupeyW3q0tpFx0hEFcbHWLrnx86iQPN1NPCFD1aRure5jHyjTJjV-IBXq4fmzxBjyu2\" alt=\"Recardio - Ihr Heilmittel gegen Bluthochdruck\" width=\"640\" height=\"426\" \/><p class=\"wp-caption-text\">Recardio m\u00f5jub soodsalt s\u00fcdamele ja k\u00f5rvaldab k\u00f5rge verer\u00f5hu, hoolitseb t\u00e4ielikult kardiovaskulaarse s\u00fcsteemi eest<\/p><\/div>\r\n<\/figure>\r\n\r\n\r\n\r\n<h3><strong>Realistlikud hinnangud<\/strong><\/h3>\r\n\r\n\r\n\r\n<p>Paljudes raportites on korduvalt r\u00f5hutatud, et Recardio aitab kohe. Siiski on patsiente, kes ei reageeri Recardiole p\u00e4rast esimest annust v\u00f5i m\u00f5ne p\u00e4eva jooksul. Tootja soovitab ravimit proovida kuu aega. Paljud inimesed hilinevad ravimitele reageerimisega.<strong> Recardio kogemuste kohaselt t\u00f6\u00f6tab Redardio p\u00f5him\u00f5tteliselt, kuid ajavahemik on erinev.<\/strong> 2019. aastal valiti Recardio TOP100 toodete hulka. Teadlased kontrollivad Recardio k\u00f5iki koostisosi:<\/p>\r\n\r\n\r\n\r\n<ul>\r\n<li>Selles tootes ei ole geneetiliselt muundatud aineid<\/li>\r\n<li>90% koostisosadest on looduslikud taimsed komponendid<\/li>\r\n<li>Magustamiseks kasutati sukraloosi, mis ei t\u00f5sta veresuhkrut ja sobib ka diabeetikutele<\/li>\r\n<li>K\u00f5rge kvaliteet on ametlikult t\u00f5estatud sertifikaatidega<\/li>\r\n<\/ul>\r\n\r\n\r\n\r\n<p><br \/>Viidates vastuv\u00f5etavale Recardio hinnale, on kasulik toodet testida v\u00e4hemalt 30 p\u00e4eva. M\u00e4rkate, et tunnete end h\u00e4sti, olete rahustatud ja t\u00f5siste haiguste risk on v\u00e4iksem. Seda on m\u00f5tet nii lihtsal viisil \u00e4ra hoida. Kasutage preparaati prof\u00fclaktiliselt, elate \u00f5nnelikumalt, teil pole uneh\u00e4ireid ja olete \u00fcldiselt l\u00f5dvestunud.<\/p>\r\n\r\n\r\n\r\n<h2><strong>J\u00e4reldus<\/strong><\/h2>\r\n\r\n\r\n\r\n<p>Selle suurep\u00e4rase soovitatud valmistise kohta on tehtud mitmeid teaduslikke uuringuid ja seda on eranditult hinnatud positiivselt. Sertifikaadid t\u00f5estavad toote optimaalset m\u00f5ju. Recardio v\u00f5imaldab selle v\u00f5tmisega haigusi v\u00f5i k\u00f5rget verer\u00f5hku ennetada. Eelseisva k\u00f5rge verer\u00f5hu algused surutakse alla ja k\u00f5rvaldatakse m\u00f5ne aja p\u00e4rast. Recardio hind on m\u00f5istlik, eriti kuna pakkumisi tehakse sageli; kvaliteetset toodet pakutakse odavalt. Nagu selgitatud, peaks iga kasutaja, kes kaebab m\u00f5ne nimetatud haiguse omaduse \u00fcle, saama viivitamatult Recardio. Kuna k\u00f5rge verer\u00f5hk ei tekita m\u00fcra ja paljud inimesed ignoreerivad s\u00fcmptomeid v\u00f5i viitavad muudele p\u00f5hjustele, ei tohiks t\u00f5sise haiguse ohtu alahinnata. Patsiendid teatavad oma avaldatud Recardio kogemustes, et soovivad ettevalmistust k\u00f5igepealt kuu aega proovida. M\u00f5ju oli m\u00e4\u00e4rav, nad kasutavad seda ravimit endiselt ja teatavad paremast elukvaliteedist.<\/p>\r\n<a class=\"maxbutton-1 maxbutton maxbutton-cta\" target=\"_blank\" rel=\"nofollow noopener\" href=\"\/go\/\"><span class='mb-text'>&gt;&gt; Osta Recardio veebist<\/span><\/a>\r\n","protected":false},"excerpt":{"rendered":"<p>K\u00f5rge verer\u00f5hk on oluline k\u00f5igi jaoks, sest ka noorem p\u00f5lvkond on paljude tegurite t\u00f5ttu ohus: Geneetiline eelsoodumus Pidev stress ja pinge soodustavad k\u00f5rget verer\u00f5hku Kuid ka liigsed eluviisid pole soovitavad Aja jooksul s\u00fcmptomid s\u00fcvenevad, mida paljud p\u00f5dejad ignoreerivad. Sellest ei piisa, kui luua rahulikum stressivaba argip\u00e4ev, ilma teraapiata ei normaliseeru k\u00f5rge verer\u00f5hk enam. Siinkohal on [&hellip;]<\/p>\n","protected":false},"author":7,"featured_media":0,"parent":0,"menu_order":0,"comment_status":"closed","ping_status":"closed","template":"full-width.php","meta":[],"yoast_head":"<!-- This site is optimized with the Yoast SEO plugin v18.3 - https:\/\/yoast.com\/wordpress\/plugins\/seo\/ -->\n<title>Recardio - Ametlik veebilehek\u00fclg<\/title>\n<meta name=\"description\" content=\"Esimesel kasutamisel saab Recardio skoori, verer\u00f5hk normaliseerub. Infarkti oht on oluliselt v\u00e4henenud. K\u00f5rge verer\u00f5hu all kannatavad mitte ainult eakad, vaid ka nooremad inimesed.\" \/>\n<meta name=\"robots\" content=\"index, follow, max-snippet:-1, max-image-preview:large, max-video-preview:-1\" \/>\n<link rel=\"canonical\" href=\"https:\/\/recardio.online\/et\/\" \/>\n<meta property=\"og:locale\" content=\"et_EE\" \/>\n<meta property=\"og:type\" content=\"article\" \/>\n<meta property=\"og:title\" content=\"Recardio - Ametlik veebilehek\u00fclg\" \/>\n<meta property=\"og:description\" content=\"Esimesel kasutamisel saab Recardio skoori, verer\u00f5hk normaliseerub. Infarkti oht on oluliselt v\u00e4henenud. K\u00f5rge verer\u00f5hu all kannatavad mitte ainult eakad, vaid ka nooremad inimesed.\" \/>\n<meta property=\"og:url\" content=\"https:\/\/recardio.online\/et\/\" \/>\n<meta property=\"og:site_name\" content=\"Recardio\" \/>\n<meta property=\"article:modified_time\" content=\"2020-12-02T15:08:45+00:00\" \/>\n<meta property=\"og:image\" content=\"https:\/\/lh5.googleusercontent.com\/-VPd-xprczZfr7NuPcWtd1XkUoIfxKUD8uwZwU3CGslytheTNS1wKR0Tcn8we9E8RQwGy4zmD3MTpEJW5r6T_LYMAqFqdUhScCZ8-eGW3ftP9_Lj-rXI05Uw28Fv0ty7ucCw4xVq\" \/>\n<meta name=\"twitter:card\" content=\"summary\" \/>\n<meta name=\"twitter:label1\" content=\"Est. reading time\" \/>\n\t<meta name=\"twitter:data1\" content=\"8 minutit\" \/>\n<script type=\"application\/ld+json\" class=\"yoast-schema-graph\">{\"@context\":\"https:\/\/schema.org\",\"@graph\":[{\"@type\":\"WebSite\",\"@id\":\"https:\/\/recardio.online\/#website\",\"url\":\"https:\/\/recardio.online\/\",\"name\":\"Recardio\",\"description\":\"\",\"potentialAction\":[{\"@type\":\"SearchAction\",\"target\":{\"@type\":\"EntryPoint\",\"urlTemplate\":\"https:\/\/recardio.online\/?s={search_term_string}\"},\"query-input\":\"required name=search_term_string\"}],\"inLanguage\":\"et\"},{\"@type\":\"ImageObject\",\"@id\":\"https:\/\/recardio.online\/et\/#primaryimage\",\"inLanguage\":\"et\",\"url\":\"https:\/\/lh5.googleusercontent.com\/-VPd-xprczZfr7NuPcWtd1XkUoIfxKUD8uwZwU3CGslytheTNS1wKR0Tcn8we9E8RQwGy4zmD3MTpEJW5r6T_LYMAqFqdUhScCZ8-eGW3ftP9_Lj-rXI05Uw28Fv0ty7ucCw4xVq\",\"contentUrl\":\"https:\/\/lh5.googleusercontent.com\/-VPd-xprczZfr7NuPcWtd1XkUoIfxKUD8uwZwU3CGslytheTNS1wKR0Tcn8we9E8RQwGy4zmD3MTpEJW5r6T_LYMAqFqdUhScCZ8-eGW3ftP9_Lj-rXI05Uw28Fv0ty7ucCw4xVq\"},{\"@type\":\"WebPage\",\"@id\":\"https:\/\/recardio.online\/et\/#webpage\",\"url\":\"https:\/\/recardio.online\/et\/\",\"name\":\"Recardio - Ametlik veebilehek\u00fclg\",\"isPartOf\":{\"@id\":\"https:\/\/recardio.online\/#website\"},\"primaryImageOfPage\":{\"@id\":\"https:\/\/recardio.online\/et\/#primaryimage\"},\"datePublished\":\"2019-09-30T18:46:55+00:00\",\"dateModified\":\"2020-12-02T15:08:45+00:00\",\"description\":\"Esimesel kasutamisel saab Recardio skoori, verer\u00f5hk normaliseerub. Infarkti oht on oluliselt v\u00e4henenud. K\u00f5rge verer\u00f5hu all kannatavad mitte ainult eakad, vaid ka nooremad inimesed.\",\"breadcrumb\":{\"@id\":\"https:\/\/recardio.online\/et\/#breadcrumb\"},\"inLanguage\":\"et\",\"potentialAction\":[{\"@type\":\"ReadAction\",\"target\":[\"https:\/\/recardio.online\/et\/\"]}]},{\"@type\":\"BreadcrumbList\",\"@id\":\"https:\/\/recardio.online\/et\/#breadcrumb\",\"itemListElement\":[{\"@type\":\"ListItem\",\"position\":1,\"name\":\"Startseite\",\"item\":\"https:\/\/recardio.online\/et\/\"},{\"@type\":\"ListItem\",\"position\":2,\"name\":\"Recardio Osta tahvelarvuteid Saksamaalt &#8211; hinnad ja kogemused\"}]}]}<\/script>\n<!-- \/ Yoast SEO plugin. -->","yoast_head_json":{"title":"Recardio - Ametlik veebilehek\u00fclg","description":"Esimesel kasutamisel saab Recardio skoori, verer\u00f5hk normaliseerub. Infarkti oht on oluliselt v\u00e4henenud. K\u00f5rge verer\u00f5hu all kannatavad mitte ainult eakad, vaid ka nooremad inimesed.","robots":{"index":"index","follow":"follow","max-snippet":"max-snippet:-1","max-image-preview":"max-image-preview:large","max-video-preview":"max-video-preview:-1"},"canonical":"https:\/\/recardio.online\/et\/","og_locale":"et_EE","og_type":"article","og_title":"Recardio - Ametlik veebilehek\u00fclg","og_description":"Esimesel kasutamisel saab Recardio skoori, verer\u00f5hk normaliseerub. Infarkti oht on oluliselt v\u00e4henenud. K\u00f5rge verer\u00f5hu all kannatavad mitte ainult eakad, vaid ka nooremad inimesed.","og_url":"https:\/\/recardio.online\/et\/","og_site_name":"Recardio","article_modified_time":"2020-12-02T15:08:45+00:00","og_image":[{"url":"https:\/\/lh5.googleusercontent.com\/-VPd-xprczZfr7NuPcWtd1XkUoIfxKUD8uwZwU3CGslytheTNS1wKR0Tcn8we9E8RQwGy4zmD3MTpEJW5r6T_LYMAqFqdUhScCZ8-eGW3ftP9_Lj-rXI05Uw28Fv0ty7ucCw4xVq"}],"twitter_card":"summary","twitter_misc":{"Est. reading time":"8 minutit"},"schema":{"@context":"https:\/\/schema.org","@graph":[{"@type":"WebSite","@id":"https:\/\/recardio.online\/#website","url":"https:\/\/recardio.online\/","name":"Recardio","description":"","potentialAction":[{"@type":"SearchAction","target":{"@type":"EntryPoint","urlTemplate":"https:\/\/recardio.online\/?s={search_term_string}"},"query-input":"required name=search_term_string"}],"inLanguage":"et"},{"@type":"ImageObject","@id":"https:\/\/recardio.online\/et\/#primaryimage","inLanguage":"et","url":"https:\/\/lh5.googleusercontent.com\/-VPd-xprczZfr7NuPcWtd1XkUoIfxKUD8uwZwU3CGslytheTNS1wKR0Tcn8we9E8RQwGy4zmD3MTpEJW5r6T_LYMAqFqdUhScCZ8-eGW3ftP9_Lj-rXI05Uw28Fv0ty7ucCw4xVq","contentUrl":"https:\/\/lh5.googleusercontent.com\/-VPd-xprczZfr7NuPcWtd1XkUoIfxKUD8uwZwU3CGslytheTNS1wKR0Tcn8we9E8RQwGy4zmD3MTpEJW5r6T_LYMAqFqdUhScCZ8-eGW3ftP9_Lj-rXI05Uw28Fv0ty7ucCw4xVq"},{"@type":"WebPage","@id":"https:\/\/recardio.online\/et\/#webpage","url":"https:\/\/recardio.online\/et\/","name":"Recardio - Ametlik veebilehek\u00fclg","isPartOf":{"@id":"https:\/\/recardio.online\/#website"},"primaryImageOfPage":{"@id":"https:\/\/recardio.online\/et\/#primaryimage"},"datePublished":"2019-09-30T18:46:55+00:00","dateModified":"2020-12-02T15:08:45+00:00","description":"Esimesel kasutamisel saab Recardio skoori, verer\u00f5hk normaliseerub. Infarkti oht on oluliselt v\u00e4henenud. K\u00f5rge verer\u00f5hu all kannatavad mitte ainult eakad, vaid ka nooremad inimesed.","breadcrumb":{"@id":"https:\/\/recardio.online\/et\/#breadcrumb"},"inLanguage":"et","potentialAction":[{"@type":"ReadAction","target":["https:\/\/recardio.online\/et\/"]}]},{"@type":"BreadcrumbList","@id":"https:\/\/recardio.online\/et\/#breadcrumb","itemListElement":[{"@type":"ListItem","position":1,"name":"Startseite","item":"https:\/\/recardio.online\/et\/"},{"@type":"ListItem","position":2,"name":"Recardio Osta tahvelarvuteid Saksamaalt &#8211; hinnad ja kogemused"}]}]}},"_links":{"self":[{"href":"https:\/\/recardio.online\/et\/wp-json\/wp\/v2\/pages\/376"}],"collection":[{"href":"https:\/\/recardio.online\/et\/wp-json\/wp\/v2\/pages"}],"about":[{"href":"https:\/\/recardio.online\/et\/wp-json\/wp\/v2\/types\/page"}],"author":[{"embeddable":true,"href":"https:\/\/recardio.online\/et\/wp-json\/wp\/v2\/users\/7"}],"replies":[{"embeddable":true,"href":"https:\/\/recardio.online\/et\/wp-json\/wp\/v2\/comments?post=376"}],"version-history":[{"count":5,"href":"https:\/\/recardio.online\/et\/wp-json\/wp\/v2\/pages\/376\/revisions"}],"predecessor-version":[{"id":465,"href":"https:\/\/recardio.online\/et\/wp-json\/wp\/v2\/pages\/376\/revisions\/465"}],"wp:attachment":[{"href":"https:\/\/recardio.online\/et\/wp-json\/wp\/v2\/media?parent=376"}],"curies":[{"name":"wp","href":"https:\/\/api.w.org\/{rel}","templated":true}]}}