{"id":373,"date":"2019-09-30T18:46:55","date_gmt":"2019-09-30T18:46:55","guid":{"rendered":"https:\/\/recardio.online\/das-zertifizierte-recardio-wird-von-aerzten-empfohlen\/"},"modified":"2020-12-02T15:06:36","modified_gmt":"2020-12-02T15:06:36","slug":"das-zertifizierte-recardio-wird-von-aerzten-empfohlen","status":"publish","type":"page","link":"https:\/\/recardio.online\/hr\/","title":{"rendered":"Recardio Kupite tablete u Njema\u010dkoj &#8211; cijene i iskustva"},"content":{"rendered":"\r\n<p>Visok krvni tlak relevantan je za sve, jer je mla\u0111a generacija u opasnosti zbog niza \u010dimbenika:<\/p>\r\n\r\n\r\n\r\n<ul>\r\n<li>Genetska predispozicija<\/li>\r\n<li>Stalni stres i napetost poti\u010du povi\u0161en krvni tlak<\/li>\r\n<li>Me\u0111utim, pretjerani na\u010din \u017eivota tako\u0111er nije preporu\u010dljiv<\/li>\r\n<\/ul>\r\n<p><a class=\"maxbutton-1 maxbutton maxbutton-cta\" target=\"_blank\" rel=\"nofollow noopener\" href=\"\/go\/\"><span class='mb-text'>&gt;&gt; Kupite Recardio putem interneta<\/span><\/a> <br \/><br \/><\/p>\r\n\r\n\r\n\r\n\r\n<p><strong>S vremenom se simptomi pogor\u0161avaju, \u0161to mnogi oboljeli ignoriraju.<\/strong>Nije dovoljno stvoriti mirniju svakodnevnicu bez stresa, bez terapije povi\u0161eni krvni tlak vi\u0161e se ne normalizira. U ovom je trenutku Recardio izuzetno korisna mjera pomo\u0107i. Recardio je proizvod koji sadr\u017ei samo prirodne sastojke i prodaje se u obliku kapsula. Cilj je revitalizirati krvne \u017eile i istodobno normalizirati fluktuacije krvnog tlaka \u0161to je vi\u0161e mogu\u0107e. Neki sastojci prirodno pru\u017eaju trenutno olak\u0161anje. <strong>Nuspojave nisu prona\u0111ene, kao ni ovisnost.<\/strong><\/p>\r\n\r\n\r\n\r\n<ul>\r\n<li>Kopriva pospje\u0161uje cirkulaciju krvi i otapa krvne ugru\u0161ke<\/li>\r\n<li>Glog osigurava elasti\u010dnost krvnih \u017eila, normalizira cirkulaciju<\/li>\r\n<li>Vitamin B1 tiamin odgovoran je za stvaranje krvi<\/li>\r\n<li>Vitamin B 2 riboflavin stvara crvene krvne stanice i antitijela<\/li>\r\n<li>Vitamin B6 sni\u017eava krvni tlak u tjelesnim tkivima<\/li>\r\n<\/ul>\r\n\r\n\r\n\r\n<p>Naj\u010de\u0161\u0107i uzroci koji dovode do ozbiljnih bolesti uklanjaju se ili u potpunosti nestaju zahvaljuju\u0107i sustavu Recardio:<\/p>\r\n\r\n\r\n\r\n<ul>\r\n<li>Pacijent postaje smireniji i smanjuje se psiholo\u0161ki stres<\/li>\r\n<li>Recardio se tako\u0111er mo\u017ee koristiti kod varikoznih vena s rizikom od tromboze<\/li>\r\n<li>povi\u0161eni \u0161e\u0107er u krvi i pretilost; Pobolj\u0161anje kroz Recardio<\/li>\r\n<\/ul>\r\n\r\n\r\n\r\n<p>Proizvodi koji sadr\u017ee koprivu izri\u010dito se koriste u lije\u010denju uznapredovalog dijabetesa tipa 2. Znanstvenici su otkrili da se optimizacija statusa riboflavina posebno uzima u obzir u borbi protiv povi\u0161enog krvnog tlaka.<\/p>\r\n\r\n\r\n\r\n<figure class=\"wp-block-image\">\r\n<div style=\"width: 650px\" class=\"wp-caption alignnone\"><img loading=\"lazy\" src=\"https:\/\/lh5.googleusercontent.com\/-VPd-xprczZfr7NuPcWtd1XkUoIfxKUD8uwZwU3CGslytheTNS1wKR0Tcn8we9E8RQwGy4zmD3MTpEJW5r6T_LYMAqFqdUhScCZ8-eGW3ftP9_Lj-rXI05Uw28Fv0ty7ucCw4xVq\" alt=\"Recardio - Den Bluthochdruck bek\u00e4mpfen\" width=\"640\" height=\"426\" \/><p class=\"wp-caption-text\">S Recardiom mo\u017eete se lako i povoljno boriti protiv visokog krvnog tlaka<\/p><\/div>\r\n<\/figure>\r\n\r\n\r\n\r\n\r\n<p>Recardio ima 8 od 9 mogu\u0107ih bodova. Odgovaraju\u0107i test predstavlja neke brojeve:<\/p>\r\n\r\n\r\n\r\n\n<table id=\"tablepress-9\" class=\"tablepress tablepress-id-9\">\n<tbody class=\"row-hover\">\n<tr class=\"row-1 odd\">\n\t<td class=\"column-1\">Nat\u00fcrliche Vitalstoffe<\/td><td class=\"column-2\">9 Punkte = optimal<\/td>\n<\/tr>\n<tr class=\"row-2 even\">\n\t<td class=\"column-1\">Studienergebnisse bewerten die Resultate nach Punkten<\/td><td class=\"column-2\">7.0<\/td>\n<\/tr>\n<tr class=\"row-3 odd\">\n\t<td class=\"column-1\">Wirksamkeit<\/td><td class=\"column-2\">8.5<\/td>\n<\/tr>\n<tr class=\"row-4 even\">\n\t<td class=\"column-1\">Keine Nebenwirkungen<\/td><td class=\"column-2\">7.5<\/td>\n<\/tr>\n<\/tbody>\n<\/table>\n<!-- #tablepress-9 from cache -->\r\n\r\n\r\n\r\n<h2><strong>Kupite Recardio u Njema\u010dkoj<\/strong><\/h2>\r\n\r\n\r\n\r\n<p>Recardio se naru\u010duje putem interneta putem web mjesta proizvo\u0111a\u010da. Sve \u0161to trebate je ispuniti unaprijed ispisan obrazac i po\u0161iljka \u0107e biti poslana kao paket pouze\u0107a.<strong> Za pripravak nije potreban recept, dodatni dokaz da ne sadr\u017ei antibiotike ili sinteti\u010dke sastojke.<\/strong> Proizvo\u0111a\u010d izri\u010dito isti\u010de da bi se narud\u017eba trebala obra\u0111ivati \u200b\u200bsamo putem slu\u017ebenog web mjesta proizvo\u0111a\u010da. Na\u017ealost, mogu\u0107e je da se na Internetu nude krivotvorine koje mogu sadr\u017eavati ista obe\u0107anja. Me\u0111utim, u\u010dinak je nula, jer se sastav ne mo\u017ee prilagoditi izvorniku.<\/p>\r\n\r\n\r\n\r\n<h2><strong>Pozitivna iskustva iz Recardija<\/strong><\/h2>\r\n\r\n\r\n\r\n<p>Klini\u010dke studije potvr\u0111uju u\u010dinkovitost i sastav prirodnih sastojaka. Nuspojave se nisu mogle utvrditi. Recardio je ocijenjen kao preporu\u010deni pripravak za normalizaciju krvnog tlaka. Mnogi pacijenti u Njema\u010dkoj ocjenjuju ovaj pripravak sljede\u0107im rezultatima:<\/p>\r\n\r\n\r\n\r\n<ul>\r\n<li>Recardio se mo\u017ee dobiti na recept i ne sadr\u017ei nikakve kemijske komponente<\/li>\r\n<li>prirodni sastojci su bezopasni<\/li>\r\n<li>cijena Recardio je podno\u0161ljiva i narud\u017eba se mo\u017ee lako obraditi na Internetu<\/li>\r\n<\/ul>\r\n\r\n\r\n\r\n<p>Po\u017eeljni su Recardio; aktivni sastojci u ispravnom doziranju osiguravaju izvrsne rezultate. Ljudski se organizam obnavlja, ali tu obnovu treba poticati izvana. Recardio preuzima ovaj zadatak. Vrijedno je napomenuti da je Recardio osvojio mnoge pacijente u Njema\u010dkoj. Ako \u017eelite naru\u010diti, va\u017eno je znati da je cijena Recardija trenutno 39 eura umjesto 78 eura. Ima smisla koristiti ovu promociju i poslati opse\u017enu narud\u017ebu. Tablete Recardio nisu uklju\u010dene u ponudu, ponuda se temelji na kapsulama. Recardio posti\u017ee pozitivno iskustvo. Negativna iskustva obi\u010dno su posljedica \u010dinjenice da se priprema nije uzimala dosljedno. Faza ispitivanja je 30 dana, iako su u\u010dinci obi\u010dno uo\u010dljivi ranije.<\/p>\r\n\r\n\r\n\r\n<h3><strong>Recardio iskustva koja su prezentirali terapeuti<\/strong><\/h3>\r\n\r\n\r\n\r\n<p>Tek nakon \u0161to se izvr\u0161e klini\u010dki pregledi, terapeuti su spremni izvr\u0161iti procjenu. Recardio je trenutno ocijenjen kao najbolji i naju\u010dinkovitiji pripravak u kategoriji hipertenzije. 98% svih registriranih pacijenata \u017eivi s normalnim vrijednostima krvnog tlaka nakon lije\u010denja Recardiom. Dosadne simptome Recardio potpuno uklanja. Pripravak se mo\u017ee koristiti u svakoj fazi bolesti.<\/p>\r\n\r\n\r\n\r\n<figure class=\"wp-block-image\">\r\n<div style=\"width: 650px\" class=\"wp-caption alignnone\"><img loading=\"lazy\" src=\"https:\/\/lh4.googleusercontent.com\/rgZJAIwZkenFlmw75cJNKC680v2frHMFeEYp3uOSjE7LInE3dgEckR2eAPPVVUamGuhHdsBcxmBrlhCNpQAdiG1X0R4v6ipfS1xJQaYQwmyUZsF-FM8keDoKDJgLNzEGBFduahkH\" alt=\"Recardio - Ihr Medikament gegen Bluthochdruck\" width=\"640\" height=\"426\" \/><p class=\"wp-caption-text\">Suvremeni lijek izra\u0111en od prirodnih tvari koji se brine za kardiovaskularni sustav<\/p><\/div>\r\n<\/figure>\r\n\r\n\r\n\r\n<h2><strong>U\u010dinkovitost Recardija izra\u010dunata prema standardnoj metodologiji<\/strong><\/h2>\r\n\r\n\r\n\r\n<p>Testirano je na stotine bolesnih ljudi, postotak ilustrira pozitivne rezultate:<\/p>\r\n\r\n\r\n\n<table id=\"tablepress-10\" class=\"tablepress tablepress-id-10\">\n<tbody class=\"row-hover\">\n<tr class=\"row-1 odd\">\n\t<td class=\"column-1\">Getestet wurde<\/td><td class=\"column-2\">Ergebnis in %<\/td><td class=\"column-3\">Nebeneffekte \u2013 allergische Reaktionen<\/td>\n<\/tr>\n<tr class=\"row-2 even\">\n\t<td class=\"column-1\">Normalisierung des Blutdrucks<\/td><td class=\"column-2\">97 %<\/td><td class=\"column-3\">Keine<\/td>\n<\/tr>\n<tr class=\"row-3 odd\">\n\t<td class=\"column-1\">Venenthrombose beseitigt<\/td><td class=\"column-2\">80 %<\/td><td class=\"column-3\">Keine<\/td>\n<\/tr>\n<tr class=\"row-4 even\">\n\t<td class=\"column-1\">Starkes Herzklopfen beseitigt<\/td><td class=\"column-2\">99 %<\/td><td class=\"column-3\">Keine<\/td>\n<\/tr>\n<tr class=\"row-5 odd\">\n\t<td class=\"column-1\">Kopfschmerz beseitigt<\/td><td class=\"column-2\">100 %<\/td><td class=\"column-3\">Keine<\/td>\n<\/tr>\n<tr class=\"row-6 even\">\n\t<td class=\"column-1\">Schlafst\u00f6rungen beseitigt<\/td><td class=\"column-2\">97 %<\/td><td class=\"column-3\">Keine<\/td>\n<\/tr>\n<\/tbody>\n<\/table>\n<!-- #tablepress-10 from cache -->\n<a class=\"maxbutton-1 maxbutton maxbutton-cta\" target=\"_blank\" rel=\"nofollow noopener\" href=\"\/go\/\"><span class='mb-text'>&gt;&gt; Kupite Recardio putem interneta<\/span><\/a>\n\r\n\r\n\r\n<p>\u201cEliminacija\u201d zna\u010di da nije bilo pritu\u017ebi ni nakon razdoblja od \u0161est mjeseci. Recardio je prepoznat kao preporu\u010deni proizvod sa certifikatom. Dobrobiti su dobro poznate. Rizik od mo\u017edanih udara i sr\u010danog udara zna\u010dajno se smanjuje uzimanjem Recardija. Uobi\u010dajeni pripravci za visoki krvni tlak \u010desto su povezani sa nuspojavama.<\/p>\r\n\r\n\r\n\r\n<h2><strong>Recardio &#8211; detalji<\/strong><\/h2>\r\n\r\n\r\n\r\n<p>Recardio je klini\u010dki ispitan, certificiran i jednostavan za upotrebu. Formula je razvijena na takav na\u010din da su prilikom sastavljanja recepta uzeti u obzir svi uzroci koji uzrokuju visoki krvni tlak.<strong> Fokus nije samo na uklanjanju simptoma, ve\u0107 i na uzroku simptoma.<\/strong> Rezultat studija potvr\u0111uje da se krvni tlak ne samo normalizira u dana\u0161nje vrijeme, ve\u0107 da se takvi problemi ne\u0107e javljati u budu\u0107nosti, barem dok se koristi pripravak. Neki razlozi koji uvjeravaju proizvod:<\/p>\r\n\r\n\r\n\r\n<ul>\r\n<li>Prvo i najva\u017enije, normalizacija krvnog tlaka<\/li>\r\n<li>umiruju\u0107i u\u010dinak osigurava opu\u0161tanje za stresne pacijente<\/li>\r\n<li>kardiovaskularni sustav radi normalno<\/li>\r\n<li>Recardio se mo\u017ee koristiti za svakog pacijenta<\/li>\r\n<li>zidovi posuda su istovremeno oja\u010dani i o\u010di\u0161\u0107eni<\/li>\r\n<\/ul>\r\n\r\n\r\n\r\n<p>Op\u0107u dobrobit s opu\u0161taju\u0107im u\u010dinkom treba ocijeniti plus bodovima. Pobolj\u0161ava se funkcija \u0161titnja\u010de, istodobno se normalizira sadr\u017eaj \u0161e\u0107era, <strong>\u0161tetni kolesterol je zna\u010dajno smanjen.<\/strong> Osje\u0107aj slabosti i vrtoglavice potpuno nestaju. Recardion tako\u0111er spre\u010dava razvoj ateroskleroze. Koristi se uzimanjem jedne kapsule dva puta dnevno.<\/p>\r\n\r\n\r\n\r\n<h3><strong>Recardio uklanja simptome u kratkom vremenu<\/strong><\/h3>\r\n\r\n\r\n\r\n<p>Dosadna bol u sljepoo\u010dnicama i s tim povezana vrtoglavica nestaju nakon uzimanja lijeka Recardio. Migrene su primjetne pritiskom na o\u010di, Recardio uklanja i ovaj simptom. Daljnje neugodnosti smanjuju se ili u potpunosti uklanjaju. Pobolj\u0161anje je primjetno u 100% slu\u010dajeva:<\/p>\r\n\r\n\r\n\r\n<ul>\r\n<li>Srce se smiruje, nijedno ubrzano srce ne utje\u010de na op\u0107e stanje<\/li>\r\n<li>Stalni umor u kombinaciji s lo\u0161im raspolo\u017eenjem stvar je pro\u0161losti<\/li>\r\n<li>Nakon kratkog vremena pacijenti vi\u0161e ne primje\u0107uju uko\u010denost udova, osobito uo\u010dljivu no\u0107u<\/li>\r\n<li>Kratko\u0107a daha tijekom napornih aktivnosti manje je primjetna<\/li>\r\n<\/ul>\r\n\r\n\r\n\r\n<p>Me\u0111utim, nije preporu\u010dljivo sami pove\u0107avati ili smanjivati \u200b\u200bdozu. Svakako biste trebali uzimati kapsule prema uputama proizvo\u0111a\u010da.<\/p>\r\n\r\n\r\n\r\n<figure class=\"wp-block-image\">\r\n<div style=\"width: 650px\" class=\"wp-caption alignnone\"><img loading=\"lazy\" src=\"https:\/\/lh3.googleusercontent.com\/1bDpYxzfFzW4z7GOlnv0q_dSb7wJCXxb_bIrJXbwQ1XgQBIBewAxBKoin8FI7yAEHxbJnqsEQpPooc4Uh51TDH4Uph09YHnyWhQj-XAxnwGvb3eXnXg6xFpC8WM9aq6F7LqJ8rW_\" alt=\"Recardio - Medikament zur Behandlung von Bluthochdruck\" width=\"640\" height=\"398\" \/><p class=\"wp-caption-text\">Pomo\u0107u Recardio mo\u017eete za\u010das normalizirati krvni tlak. Va\u0161e dobro je va\u017eno!<\/p><\/div>\r\n<\/figure>\r\n\r\n\r\n\r\n<h2><strong>Provjerite svoje zdravlje<\/strong><\/h2>\r\n\r\n\r\n\r\n<p>Ako imate ne\u0161to od sljede\u0107eg, potrebno je odmah po\u010deti uzimati Recardio:<\/p>\r\n\r\n\r\n\r\n<ul>\r\n<li>Nasilna trajna glavobolja<\/li>\r\n<li>ako ste razdra\u017eljivi, patit \u0107ete od nesanice<\/li>\r\n<li>pogled je ponekad zamagljen<\/li>\r\n<li>skloni su znojenju<\/li>\r\n<li>kroni\u010dni umor i lupanje srca \u010desto se javljaju zajedno<\/li>\r\n<li>prsti su vam \u010desto hladni i utrnuli<\/li>\r\n<li>pate od kolebanja krvnog tlaka<\/li>\r\n<li>normalni krvni tlak je 120\/80. Koji je va\u0161 krvni tlak<\/li>\r\n<\/ul>\r\n\r\n\r\n\r\n<p>Ne uzimajte ove znakove olako, borite se protiv njih uzimaju\u0107i Recardio. Kupnja Recardija lako se vr\u0161i s nekoliko klikova na Internetu. Ako do\u017eivite Recardio, u\u010dinak \u0107e stupiti na snagu odmah. Za pobolj\u0161anje ne morate \u010dekati danima. Nezdravi na\u010din \u017eivota poti\u010de povi\u0161en krvni tlak kao i pu\u0161enje. Konzumacija alkohola u kombinaciji s temeljno pogre\u0161nom prehranom daljnji su koraci prema visokom krvnom tlaku. Stres i povi\u0161eni kolesterol jednako su \u0161tetni. Znanstvenici su otkrili da bioflavonoid zna\u010dajno doprinosi normalnom krvnom tlaku. Dokazano je da Recardio sadr\u017ei zna\u010dajnu koli\u010dinu bioflavonoida, dok neki specifi\u010dni lijekovi sadr\u017ee ovaj aktivni sastojak, ali nedovoljno za postizanje najboljih rezultata.<\/p>\r\n\r\n\r\n\r\n<h2><strong>Rezultat posebnog pregleda<\/strong><\/h2>\r\n\r\n\r\n\r\n<p>Jedna skupina ispitanika izri\u010dito je uzimala Recardio, druga skupina uzimala je &#8220;placebo&#8221; s istim simptomima.<\/p>\r\n\r\n\r\n\n<table id=\"tablepress-11\" class=\"tablepress tablepress-id-11\">\n<tbody class=\"row-hover\">\n<tr class=\"row-1 odd\">\n\t<td class=\"column-1\"><\/td><td class=\"column-2\">Placebo<\/td><td class=\"column-3\">Recardio<\/td>\n<\/tr>\n<tr class=\"row-2 even\">\n\t<td class=\"column-1\">Blutdrucknormalisierung<\/td><td class=\"column-2\">1 %<\/td><td class=\"column-3\">100 %<\/td>\n<\/tr>\n<tr class=\"row-3 odd\">\n\t<td class=\"column-1\">Venenthrombose beseitigt<\/td><td class=\"column-2\">Keine Wirkung<\/td><td class=\"column-3\">90 %<\/td>\n<\/tr>\n<tr class=\"row-4 even\">\n\t<td class=\"column-1\">Beseitigung der Arrhythmie, eine Art Herzrhythmusst\u00f6rung<\/td><td class=\"column-2\">2 %<\/td><td class=\"column-3\">99 %<\/td>\n<\/tr>\n<\/tbody>\n<\/table>\n<!-- #tablepress-11 from cache -->\n\r\n\r\n\r\n<p>Rezultati govore dovoljno. Ve\u0107 u prvih \u0161est sati do\u0161lo je do primjetnog pobolj\u0161anja. Funkcija srca regulira se sama. Biljne stanice se podudaraju s tjelesnim stanicama, tako da se zacjeljivanje odvija relativno brzo. Krvni tlak se prirodno sni\u017eava. Lijekovi koji &#8220;kemijskim \u010deki\u0107em&#8221; sni\u017eavaju krvni tlak samo nanose \u0161tetu i nemaju velike koristi. Recardio automatski smanjuje rizike koji ukazuju na mo\u017edani udar, sr\u010dani udar, dijabetes.<\/p>\r\n\r\n\r\n\r\n<figure class=\"wp-block-image\">\r\n<div style=\"width: 650px\" class=\"wp-caption alignnone\"><img loading=\"lazy\" src=\"https:\/\/lh5.googleusercontent.com\/GX_AQEZZQTYpBawQPV6gtd6wQ4itfgeNKMQO9UhOH7F7N70pttX5pYIseYbgr4TDNYuu5qupeyW3q0tpFx0hEFcbHWLrnx86iQPN1NPCFD1aRure5jHyjTJjV-IBXq4fmzxBjyu2\" alt=\"Recardio - Ihr Heilmittel gegen Bluthochdruck\" width=\"640\" height=\"426\" \/><p class=\"wp-caption-text\">Recardio blagotvorno djeluje na srce i uklanja povi\u0161eni krvni tlak, u potpunosti se brine o kardiovaskularnom sustavu<\/p><\/div>\r\n<\/figure>\r\n\r\n\r\n\r\n<h3><strong>Realne ocjene<\/strong><\/h3>\r\n\r\n\r\n\r\n<p>U mnogim se izvje\u0161\u0107ima vi\u0161e puta nagla\u0161ava da Recardio odmah poma\u017ee. Me\u0111utim, postoje pacijenti koji ne reagiraju na Recardio nakon prve doze ili unutar nekoliko dana. Proizvo\u0111a\u010d preporu\u010duje isprobavanje lijeka mjesec dana. Mnogi ljudi kasne s reakcijom na lijekove.<strong> Prema Recardijevom iskustvu, Redardio u osnovi djeluje, ali vremenski raspon je druga\u010diji.<\/strong> 2019. godine Recardio je progla\u0161en jednim od TOP100 proizvoda. Znanstvenici provjeravaju Recardio za sve sastojke:<\/p>\r\n\r\n\r\n\r\n<ul>\r\n<li>U ovom proizvodu nema genetski modificiranih tvari<\/li>\r\n<li>90% sastojaka su prirodne biljne komponente<\/li>\r\n<li>Za zasla\u0111ivanje koristila se sukraloza koja ne pove\u0107ava \u0161e\u0107er u krvi, a pogodna je i za dijabeti\u010dare<\/li>\r\n<li>Visoka kvaliteta je slu\u017ebeno dokazana certifikatima<\/li>\r\n<\/ul>\r\n\r\n\r\n\r\n<p><br \/>S obzirom na pristupa\u010dnu cijenu Recardija, korisno je proizvod testirati najmanje 30 dana. Primijetit \u0107ete da se osje\u0107ate dobro, samopouzdano i smanjuju se rizici od ozbiljnih bolesti. Ima smisla to sprije\u010diti na tako jednostavan na\u010din. Proizvod koristite profilakti\u010dki, \u017eivite sretnije, nema poreme\u0107aja spavanja i op\u0107enito su opu\u0161teniji.<\/p>\r\n\r\n\r\n\r\n<h2><strong>Zaklju\u010dak<\/strong><\/h2>\r\n\r\n\r\n\r\n<p>Ovaj izvrsni, preporu\u010deni pripravak podvrgnut je brojnim znanstvenim istra\u017eivanjima i ocijenjen pozitivno bez iznimke. Certifikati dokazuju optimalan u\u010dinak proizvoda. Recardio omogu\u0107ava spre\u010davanje bolesti ili visokog krvnog tlaka uzimanjem. Po\u010deci nadolaze\u0107eg visokog krvnog tlaka suzbijaju se i uklanjaju nakon nekog vremena. Cijena Recardio je razumna, pogotovo jer su \u010deste promocije; visokokvalitetni proizvod nudi se jeftino. Kao \u0161to je obja\u0161njeno, svaki korisnik koji se \u017eali na jednu od spomenutih karakteristika bolesti trebao bi odmah dobiti Recardio. Budu\u0107i da povi\u0161eni krvni tlak ne stvara buku, a mnogi ljudi zanemaruju simptome ili se pozivaju na druge uzroke, ne smije se podcijeniti rizik od ozbiljne bolesti. Pacijenti u objavljenim iskustvima iz Recardija navode da prvo \u017eele isprobati pripravak mjesec dana. U\u010dinak je bio presudan, oni i dalje koriste drogu i prijavljuju bolju kvalitetu \u017eivota.<\/p>\r\n<a class=\"maxbutton-1 maxbutton maxbutton-cta\" target=\"_blank\" rel=\"nofollow noopener\" href=\"\/go\/\"><span class='mb-text'>&gt;&gt; Kupite Recardio putem interneta<\/span><\/a>\r\n","protected":false},"excerpt":{"rendered":"<p>Visok krvni tlak relevantan je za sve, jer je mla\u0111a generacija u opasnosti zbog niza \u010dimbenika: Genetska predispozicija Stalni stres i napetost poti\u010du povi\u0161en krvni tlak Me\u0111utim, pretjerani na\u010din \u017eivota tako\u0111er nije preporu\u010dljiv S vremenom se simptomi pogor\u0161avaju, \u0161to mnogi oboljeli ignoriraju.Nije dovoljno stvoriti mirniju svakodnevnicu bez stresa, bez terapije povi\u0161eni krvni tlak vi\u0161e se [&hellip;]<\/p>\n","protected":false},"author":7,"featured_media":0,"parent":0,"menu_order":0,"comment_status":"closed","ping_status":"closed","template":"full-width.php","meta":[],"yoast_head":"<!-- This site is optimized with the Yoast SEO plugin v18.3 - https:\/\/yoast.com\/wordpress\/plugins\/seo\/ -->\n<title>Recardio - Slu\u017ebena stranica<\/title>\n<meta name=\"description\" content=\"Recardio posti\u017ee ocjenu prvom upotrebom, krvni tlak se normalizira. Rizik od sr\u010danog udara zna\u010dajno je smanjen. Nisu samo starije osobe koje pate od visokog krvnog tlaka, to utje\u010de i na mla\u0111e ljude.\" \/>\n<meta name=\"robots\" content=\"index, follow, max-snippet:-1, max-image-preview:large, max-video-preview:-1\" \/>\n<link rel=\"canonical\" href=\"https:\/\/recardio.online\/hr\/\" \/>\n<meta property=\"og:locale\" content=\"hr_HR\" \/>\n<meta property=\"og:type\" content=\"article\" \/>\n<meta property=\"og:title\" content=\"Recardio - Slu\u017ebena stranica\" \/>\n<meta property=\"og:description\" content=\"Recardio posti\u017ee ocjenu prvom upotrebom, krvni tlak se normalizira. Rizik od sr\u010danog udara zna\u010dajno je smanjen. Nisu samo starije osobe koje pate od visokog krvnog tlaka, to utje\u010de i na mla\u0111e ljude.\" \/>\n<meta property=\"og:url\" content=\"https:\/\/recardio.online\/hr\/\" \/>\n<meta property=\"og:site_name\" content=\"Recardio\" \/>\n<meta property=\"article:modified_time\" content=\"2020-12-02T15:06:36+00:00\" \/>\n<meta property=\"og:image\" content=\"https:\/\/lh5.googleusercontent.com\/-VPd-xprczZfr7NuPcWtd1XkUoIfxKUD8uwZwU3CGslytheTNS1wKR0Tcn8we9E8RQwGy4zmD3MTpEJW5r6T_LYMAqFqdUhScCZ8-eGW3ftP9_Lj-rXI05Uw28Fv0ty7ucCw4xVq\" \/>\n<meta name=\"twitter:card\" content=\"summary\" \/>\n<meta name=\"twitter:label1\" content=\"Est. reading time\" \/>\n\t<meta name=\"twitter:data1\" content=\"8 minutes\" \/>\n<script type=\"application\/ld+json\" class=\"yoast-schema-graph\">{\"@context\":\"https:\/\/schema.org\",\"@graph\":[{\"@type\":\"WebSite\",\"@id\":\"https:\/\/recardio.online\/#website\",\"url\":\"https:\/\/recardio.online\/\",\"name\":\"Recardio\",\"description\":\"\",\"potentialAction\":[{\"@type\":\"SearchAction\",\"target\":{\"@type\":\"EntryPoint\",\"urlTemplate\":\"https:\/\/recardio.online\/?s={search_term_string}\"},\"query-input\":\"required name=search_term_string\"}],\"inLanguage\":\"hr-HR\"},{\"@type\":\"ImageObject\",\"@id\":\"https:\/\/recardio.online\/hr\/#primaryimage\",\"inLanguage\":\"hr-HR\",\"url\":\"https:\/\/lh5.googleusercontent.com\/-VPd-xprczZfr7NuPcWtd1XkUoIfxKUD8uwZwU3CGslytheTNS1wKR0Tcn8we9E8RQwGy4zmD3MTpEJW5r6T_LYMAqFqdUhScCZ8-eGW3ftP9_Lj-rXI05Uw28Fv0ty7ucCw4xVq\",\"contentUrl\":\"https:\/\/lh5.googleusercontent.com\/-VPd-xprczZfr7NuPcWtd1XkUoIfxKUD8uwZwU3CGslytheTNS1wKR0Tcn8we9E8RQwGy4zmD3MTpEJW5r6T_LYMAqFqdUhScCZ8-eGW3ftP9_Lj-rXI05Uw28Fv0ty7ucCw4xVq\"},{\"@type\":\"WebPage\",\"@id\":\"https:\/\/recardio.online\/hr\/#webpage\",\"url\":\"https:\/\/recardio.online\/hr\/\",\"name\":\"Recardio - Slu\u017ebena stranica\",\"isPartOf\":{\"@id\":\"https:\/\/recardio.online\/#website\"},\"primaryImageOfPage\":{\"@id\":\"https:\/\/recardio.online\/hr\/#primaryimage\"},\"datePublished\":\"2019-09-30T18:46:55+00:00\",\"dateModified\":\"2020-12-02T15:06:36+00:00\",\"description\":\"Recardio posti\u017ee ocjenu prvom upotrebom, krvni tlak se normalizira. Rizik od sr\u010danog udara zna\u010dajno je smanjen. Nisu samo starije osobe koje pate od visokog krvnog tlaka, to utje\u010de i na mla\u0111e ljude.\",\"breadcrumb\":{\"@id\":\"https:\/\/recardio.online\/hr\/#breadcrumb\"},\"inLanguage\":\"hr-HR\",\"potentialAction\":[{\"@type\":\"ReadAction\",\"target\":[\"https:\/\/recardio.online\/hr\/\"]}]},{\"@type\":\"BreadcrumbList\",\"@id\":\"https:\/\/recardio.online\/hr\/#breadcrumb\",\"itemListElement\":[{\"@type\":\"ListItem\",\"position\":1,\"name\":\"Startseite\",\"item\":\"https:\/\/recardio.online\/hr\/\"},{\"@type\":\"ListItem\",\"position\":2,\"name\":\"Recardio Kupite tablete u Njema\u010dkoj &#8211; cijene i iskustva\"}]}]}<\/script>\n<!-- \/ Yoast SEO plugin. -->","yoast_head_json":{"title":"Recardio - Slu\u017ebena stranica","description":"Recardio posti\u017ee ocjenu prvom upotrebom, krvni tlak se normalizira. Rizik od sr\u010danog udara zna\u010dajno je smanjen. Nisu samo starije osobe koje pate od visokog krvnog tlaka, to utje\u010de i na mla\u0111e ljude.","robots":{"index":"index","follow":"follow","max-snippet":"max-snippet:-1","max-image-preview":"max-image-preview:large","max-video-preview":"max-video-preview:-1"},"canonical":"https:\/\/recardio.online\/hr\/","og_locale":"hr_HR","og_type":"article","og_title":"Recardio - Slu\u017ebena stranica","og_description":"Recardio posti\u017ee ocjenu prvom upotrebom, krvni tlak se normalizira. Rizik od sr\u010danog udara zna\u010dajno je smanjen. Nisu samo starije osobe koje pate od visokog krvnog tlaka, to utje\u010de i na mla\u0111e ljude.","og_url":"https:\/\/recardio.online\/hr\/","og_site_name":"Recardio","article_modified_time":"2020-12-02T15:06:36+00:00","og_image":[{"url":"https:\/\/lh5.googleusercontent.com\/-VPd-xprczZfr7NuPcWtd1XkUoIfxKUD8uwZwU3CGslytheTNS1wKR0Tcn8we9E8RQwGy4zmD3MTpEJW5r6T_LYMAqFqdUhScCZ8-eGW3ftP9_Lj-rXI05Uw28Fv0ty7ucCw4xVq"}],"twitter_card":"summary","twitter_misc":{"Est. reading time":"8 minutes"},"schema":{"@context":"https:\/\/schema.org","@graph":[{"@type":"WebSite","@id":"https:\/\/recardio.online\/#website","url":"https:\/\/recardio.online\/","name":"Recardio","description":"","potentialAction":[{"@type":"SearchAction","target":{"@type":"EntryPoint","urlTemplate":"https:\/\/recardio.online\/?s={search_term_string}"},"query-input":"required name=search_term_string"}],"inLanguage":"hr-HR"},{"@type":"ImageObject","@id":"https:\/\/recardio.online\/hr\/#primaryimage","inLanguage":"hr-HR","url":"https:\/\/lh5.googleusercontent.com\/-VPd-xprczZfr7NuPcWtd1XkUoIfxKUD8uwZwU3CGslytheTNS1wKR0Tcn8we9E8RQwGy4zmD3MTpEJW5r6T_LYMAqFqdUhScCZ8-eGW3ftP9_Lj-rXI05Uw28Fv0ty7ucCw4xVq","contentUrl":"https:\/\/lh5.googleusercontent.com\/-VPd-xprczZfr7NuPcWtd1XkUoIfxKUD8uwZwU3CGslytheTNS1wKR0Tcn8we9E8RQwGy4zmD3MTpEJW5r6T_LYMAqFqdUhScCZ8-eGW3ftP9_Lj-rXI05Uw28Fv0ty7ucCw4xVq"},{"@type":"WebPage","@id":"https:\/\/recardio.online\/hr\/#webpage","url":"https:\/\/recardio.online\/hr\/","name":"Recardio - Slu\u017ebena stranica","isPartOf":{"@id":"https:\/\/recardio.online\/#website"},"primaryImageOfPage":{"@id":"https:\/\/recardio.online\/hr\/#primaryimage"},"datePublished":"2019-09-30T18:46:55+00:00","dateModified":"2020-12-02T15:06:36+00:00","description":"Recardio posti\u017ee ocjenu prvom upotrebom, krvni tlak se normalizira. Rizik od sr\u010danog udara zna\u010dajno je smanjen. Nisu samo starije osobe koje pate od visokog krvnog tlaka, to utje\u010de i na mla\u0111e ljude.","breadcrumb":{"@id":"https:\/\/recardio.online\/hr\/#breadcrumb"},"inLanguage":"hr-HR","potentialAction":[{"@type":"ReadAction","target":["https:\/\/recardio.online\/hr\/"]}]},{"@type":"BreadcrumbList","@id":"https:\/\/recardio.online\/hr\/#breadcrumb","itemListElement":[{"@type":"ListItem","position":1,"name":"Startseite","item":"https:\/\/recardio.online\/hr\/"},{"@type":"ListItem","position":2,"name":"Recardio Kupite tablete u Njema\u010dkoj &#8211; cijene i iskustva"}]}]}},"_links":{"self":[{"href":"https:\/\/recardio.online\/hr\/wp-json\/wp\/v2\/pages\/373"}],"collection":[{"href":"https:\/\/recardio.online\/hr\/wp-json\/wp\/v2\/pages"}],"about":[{"href":"https:\/\/recardio.online\/hr\/wp-json\/wp\/v2\/types\/page"}],"author":[{"embeddable":true,"href":"https:\/\/recardio.online\/hr\/wp-json\/wp\/v2\/users\/7"}],"replies":[{"embeddable":true,"href":"https:\/\/recardio.online\/hr\/wp-json\/wp\/v2\/comments?post=373"}],"version-history":[{"count":7,"href":"https:\/\/recardio.online\/hr\/wp-json\/wp\/v2\/pages\/373\/revisions"}],"predecessor-version":[{"id":463,"href":"https:\/\/recardio.online\/hr\/wp-json\/wp\/v2\/pages\/373\/revisions\/463"}],"wp:attachment":[{"href":"https:\/\/recardio.online\/hr\/wp-json\/wp\/v2\/media?parent=373"}],"curies":[{"name":"wp","href":"https:\/\/api.w.org\/{rel}","templated":true}]}}