{"id":382,"date":"2019-09-30T18:46:55","date_gmt":"2019-09-30T18:46:55","guid":{"rendered":"https:\/\/recardio.online\/das-zertifizierte-recardio-wird-von-aerzten-empfohlen\/"},"modified":"2020-12-02T15:27:49","modified_gmt":"2020-12-02T15:27:49","slug":"das-zertifizierte-recardio-wird-von-aerzten-empfohlen","status":"publish","type":"page","link":"https:\/\/recardio.online\/sl\/","title":{"rendered":"Recardio Nakup tabli\u010dnih ra\u010dunalnikov v Nem\u010diji &#8211; cene in izku\u0161nje"},"content":{"rendered":"\r\n<p>Visok krvni tlak je pomemben za vse, saj je mlaj\u0161a generacija ogro\u017eena tudi zaradi \u0161tevilnih dejavnikov:<\/p>\r\n\r\n\r\n\r\n<ul>\r\n<li>Genetska nagnjenost<\/li>\r\n<li>Stalni stres in napetost spodbujata povi\u0161an krvni tlak<\/li>\r\n<li>Vendar tudi pretiran \u017eivljenjski slog ni priporo\u010dljiv<\/li>\r\n<\/ul>\r\n<p><a class=\"maxbutton-1 maxbutton maxbutton-cta\" target=\"_blank\" rel=\"nofollow noopener\" href=\"\/go\/\"><span class='mb-text'>&gt;&gt; Nakup Recardio po spletu<\/span><\/a> <br \/><br \/><\/p>\r\n\r\n\r\n\r\n\r\n<p><strong>S\u010dasoma se simptomi poslab\u0161ajo, kar mnogi bolniki ignorirajo<\/strong>. Ni dovolj, da si ustvarite mirnej\u0161e, brez stresa vsakdanje \u017eivljenje; brez terapije se povi\u0161an krvni tlak ne normalizira ve\u010d. V tem trenutku je Recardio izredno koristen ukrep pomo\u010di. Recardio je izdelek z naravnimi sestavinami, ki se prodaja v obliki kapsul. Cilj je o\u017eiviti krvne \u017eile in hkrati \u010dim bolj normalizirati nihanja krvnega tlaka. Nekatere sestavine naravno olaj\u0161ajo. <strong>Ne\u017eeleni u\u010dinki niso bili ugotovljeni, kot tudi odvisnost.<\/strong><\/p>\r\n\r\n\r\n\r\n<ul>\r\n<li>Kopriva spodbuja krvni obtok in raztaplja krvne strdke<\/li>\r\n<li>Glog zagotavlja elasti\u010dnost krvnih \u017eil, normalizira cirkulacijo<\/li>\r\n<li>Vitamin B1 tiamin je odgovoren za tvorbo krvi<\/li>\r\n<li>Vitamin B 2 riboflavin tvori rde\u010de krvne celice in protitelesa<\/li>\r\n<li>Vitamin B6 zni\u017euje krvni tlak v telesnih tkivih<\/li>\r\n<\/ul>\r\n\r\n\r\n\r\n<p>Zahvaljujo\u010d programu Recardio so najpogostej\u0161i vzroki, ki vodijo do resnih bolezni, izkoreninjeni ali popolnoma izginejo:<\/p>\r\n\r\n\r\n\r\n<ul>\r\n<li>Pacient postane bolj miren in zmanj\u0161a se psiholo\u0161ki stres<\/li>\r\n<li>Zdravilo Recardio se lahko uporablja tudi pri kr\u010dnih \u017eilah s tveganjem za trombozo<\/li>\r\n<li>visok krvni sladkor in debelost; Izbolj\u0161anje z Recardiom<\/li>\r\n<\/ul>\r\n\r\n\r\n\r\n<p>Izdelki, ki vsebujejo koprive, se izrecno uporabljajo pri zdravljenju napredovale sladkorne bolezni tipa 2. Znanstveniki so ugotovili, da je za boj proti povi\u0161anemu krvnemu tlaku posebej upo\u0161tevana optimizacija stanja riboflavina.<\/p>\r\n\r\n\r\n\r\n<figure class=\"wp-block-image\">\r\n<div style=\"width: 650px\" class=\"wp-caption alignnone\"><img loading=\"lazy\" src=\"https:\/\/lh5.googleusercontent.com\/-VPd-xprczZfr7NuPcWtd1XkUoIfxKUD8uwZwU3CGslytheTNS1wKR0Tcn8we9E8RQwGy4zmD3MTpEJW5r6T_LYMAqFqdUhScCZ8-eGW3ftP9_Lj-rXI05Uw28Fv0ty7ucCw4xVq\" alt=\"Recardio - Den Bluthochdruck bek\u00e4mpfen\" width=\"640\" height=\"426\" \/><p class=\"wp-caption-text\">Mit dem Recardio bek\u00e4mpfen sie einfach und bequem den Bluthochdruck<\/p><\/div>\r\n<\/figure>\r\n\r\n\r\n\r\n\r\n<p>Recardio ima 8 od 9 mo\u017enih to\u010dk. Ustrezni test predstavlja nekaj \u0161tevilk:<\/p>\r\n\r\n\r\n\r\n\n<table id=\"tablepress-9\" class=\"tablepress tablepress-id-9\">\n<tbody class=\"row-hover\">\n<tr class=\"row-1 odd\">\n\t<td class=\"column-1\">Nat\u00fcrliche Vitalstoffe<\/td><td class=\"column-2\">9 Punkte = optimal<\/td>\n<\/tr>\n<tr class=\"row-2 even\">\n\t<td class=\"column-1\">Studienergebnisse bewerten die Resultate nach Punkten<\/td><td class=\"column-2\">7.0<\/td>\n<\/tr>\n<tr class=\"row-3 odd\">\n\t<td class=\"column-1\">Wirksamkeit<\/td><td class=\"column-2\">8.5<\/td>\n<\/tr>\n<tr class=\"row-4 even\">\n\t<td class=\"column-1\">Keine Nebenwirkungen<\/td><td class=\"column-2\">7.5<\/td>\n<\/tr>\n<\/tbody>\n<\/table>\n<!-- #tablepress-9 from cache -->\r\n\r\n\r\n\r\n<h2><strong>Nakup Recardio v Nem\u010diji<\/strong><\/h2>\r\n\r\n\r\n\r\n<p>Recardio je naro\u010den prek spleta prek spletnega mesta proizvajalca. Vse, kar morate storiti, je izpolniti vnaprej natisnjen obrazec in po\u0161iljka bo poslana v paketu s pla\u010dilom po povzetju. <strong>Pripravek je na voljo brez recepta, nadaljnji dokaz, da ne vsebuje nobenih antibiotikov ali sinteti\u010dnih sestavin.<\/strong> Proizvajalec izrecno svetuje, da je treba naro\u010dilo obdelati samo na uradni spletni strani proizvajalca. Na \u017ealost je mogo\u010de, da se na internetu ponujajo ponaredki, ki lahko vsebujejo enake obljube. Vendar je u\u010dinek ni\u010d, ker sestave ni mogo\u010de prilagoditi originalu.<\/p>\r\n\r\n\r\n\r\n<h2><strong>Pozitivne izku\u0161nje Recardio<\/strong><\/h2>\r\n\r\n\r\n\r\n<p>Klini\u010dne \u0161tudije potrjujejo u\u010dinkovitost in sestavo naravnih sestavin. Ne\u017eelenih u\u010dinkov ni bilo mogo\u010de ugotoviti. Zdravilo Recardio je ocenjeno kot priporo\u010den pripravek za normalizacijo krvnega tlaka. Mnogi bolniki v Nem\u010diji ocenjujejo ta pripravek z naslednjimi rezultati:<\/p>\r\n\r\n\r\n\r\n<ul>\r\n<li>Zdravilo Recardio je mogo\u010de dobiti na recept in ne vsebuje nobenih kemi\u010dnih sestavin<\/li>\r\n<li>naravne sestavine so ne\u0161kodljive<\/li>\r\n<li>cena Recardio je sprejemljiva in naro\u010dilo je mogo\u010de enostavno obdelati na internetu<\/li>\r\n<\/ul>\r\n\r\n\r\n\r\n<p>Prednost je Recardio; u\u010dinkovine v pravilnem odmerku zagotavljajo odli\u010dne rezultate. \u010clove\u0161ki organizem se obnavlja, vendar ga je treba spodbujati od zunaj. Recardio se loti te naloge. Omeniti velja, da je Recardio v Nem\u010diji osvojil \u0161tevilne paciente. \u010ce \u017eelite naro\u010diti, je pomembno vedeti, da cena Recardio trenutno zna\u0161a 39 evrov namesto 78 evrov. Smiselno je uporabiti to promocijo in oddati obse\u017eno naro\u010dilo. Tablete Recardio niso vklju\u010dene v ponudbo, ponudba temelji na kapsulah. Recardio dosega rezultate s pozitivnimi izku\u0161njami. Negativne izku\u0161nje so obi\u010dajno posledica dejstva, da priprave niso jemali dosledno. Testna faza je 30 dni, \u010deprav so u\u010dinki obi\u010dajno opazni \u017ee prej.<\/p>\r\n\r\n\r\n\r\n<h3><strong>Recardio izku\u0161nje, ki so jih predstavili terapevti<\/strong><\/h3>\r\n\r\n\r\n\r\n<p>\u0160ele po opravljenih klini\u010dnih pregledih so terapevti pripravljeni na oceno. Recardio je trenutno ocenjen kot najbolj\u0161i in naju\u010dinkovitej\u0161i pripravek v kategoriji hipertenzije. 98% vseh registriranih bolnikov po zdravljenju z zdravilom Recardio \u017eivi z normalnimi vrednostmi krvnega tlaka. Nadle\u017ene simptome Recardio popolnoma odpravi. Pripravek se lahko uporablja v vseh stadijih bolezni.<\/p>\r\n\r\n\r\n\r\n<figure class=\"wp-block-image\">\r\n<div style=\"width: 650px\" class=\"wp-caption alignnone\"><img loading=\"lazy\" src=\"https:\/\/lh4.googleusercontent.com\/rgZJAIwZkenFlmw75cJNKC680v2frHMFeEYp3uOSjE7LInE3dgEckR2eAPPVVUamGuhHdsBcxmBrlhCNpQAdiG1X0R4v6ipfS1xJQaYQwmyUZsF-FM8keDoKDJgLNzEGBFduahkH\" alt=\"Recardio - Ihr Medikament gegen Bluthochdruck\" width=\"640\" height=\"426\" \/><p class=\"wp-caption-text\">Sodobno zdravilo iz naravnih snovi, ki skrbi za kardiovaskularni sistem<\/p><\/div>\r\n<\/figure>\r\n\r\n\r\n\r\n<h2><strong>U\u010dinkovitost sistema Recardio, izra\u010dunana po standardni metodologiji<\/strong><\/h2>\r\n\r\n\r\n\r\n<p>Testiranih je bilo na stotine bolnih, odstotek ponazarja pozitivne rezultate:<\/p>\r\n\r\n\r\n\n<table id=\"tablepress-10\" class=\"tablepress tablepress-id-10\">\n<tbody class=\"row-hover\">\n<tr class=\"row-1 odd\">\n\t<td class=\"column-1\">Getestet wurde<\/td><td class=\"column-2\">Ergebnis in %<\/td><td class=\"column-3\">Nebeneffekte \u2013 allergische Reaktionen<\/td>\n<\/tr>\n<tr class=\"row-2 even\">\n\t<td class=\"column-1\">Normalisierung des Blutdrucks<\/td><td class=\"column-2\">97 %<\/td><td class=\"column-3\">Keine<\/td>\n<\/tr>\n<tr class=\"row-3 odd\">\n\t<td class=\"column-1\">Venenthrombose beseitigt<\/td><td class=\"column-2\">80 %<\/td><td class=\"column-3\">Keine<\/td>\n<\/tr>\n<tr class=\"row-4 even\">\n\t<td class=\"column-1\">Starkes Herzklopfen beseitigt<\/td><td class=\"column-2\">99 %<\/td><td class=\"column-3\">Keine<\/td>\n<\/tr>\n<tr class=\"row-5 odd\">\n\t<td class=\"column-1\">Kopfschmerz beseitigt<\/td><td class=\"column-2\">100 %<\/td><td class=\"column-3\">Keine<\/td>\n<\/tr>\n<tr class=\"row-6 even\">\n\t<td class=\"column-1\">Schlafst\u00f6rungen beseitigt<\/td><td class=\"column-2\">97 %<\/td><td class=\"column-3\">Keine<\/td>\n<\/tr>\n<\/tbody>\n<\/table>\n<!-- #tablepress-10 from cache -->\n<a class=\"maxbutton-1 maxbutton maxbutton-cta\" target=\"_blank\" rel=\"nofollow noopener\" href=\"\/go\/\"><span class='mb-text'>&gt;&gt; Nakup Recardio po spletu<\/span><\/a>\n\r\n\r\n\r\n<p>\u201eOdprava\u201c pomeni, da prito\u017eb ni bilo niti po \u0161estih mesecih. Recardio je priznan kot priporo\u010den izdelek s certifikatom. Prednosti so dobro znane. Tveganje kapi in sr\u010dnega infarkta se znatno zmanj\u0161a z jemanjem zdravila Recardio. Obi\u010dajni pripravki za visok krvni tlak so pogosto povezani s stranskimi u\u010dinki.<\/p>\r\n\r\n\r\n\r\n<h2><strong>Recardio &#8211; podrobnosti<\/strong><\/h2>\r\n\r\n\r\n\r\n<p>Recardio je klini\u010dno preizku\u0161en, certificiran in enostaven za uporabo. Formula je bila razvita tako, da so bili pri sestavljanju recepta upo\u0161tevani vsi vzroki, ki povzro\u010dajo visok krvni tlak. <strong>Poudarek ni le na odpravljanju simptomov, ampak tudi na vzroku simptomov.<\/strong>\u00a0Rezultat \u0161tudij potrjuje, da trenutno ni zagotovljena le normalizacija krvnega tlaka, ampak tudi, da v prihodnosti do tak\u0161nih te\u017eav ne bo pri\u0161lo, vsaj dokler se uporablja pripravek. Nekaj \u200b\u200brazlogov, ki prepri\u010dajo izdelek:<br \/>\u00a0<\/p>\r\n\r\n\r\n\r\n<ul>\r\n<li>V prvi vrsti normalizacija krvnega tlaka<\/li>\r\n<li>pomirjujo\u010d u\u010dinek zagotavlja sprostitev za stresne bolnike<\/li>\r\n<li>kardiovaskularni sistem deluje normalno<\/li>\r\n<li>Zdravilo Recardio se lahko uporablja za vsakega bolnika<\/li>\r\n<li>stene posod se hkrati okrepijo in o\u010distijo<\/li>\r\n<\/ul>\r\n\r\n\r\n\r\n<p>Splo\u0161no po\u010dutje s spro\u0161\u010dujo\u010dim u\u010dinkom je treba oceniti kot pozitivne to\u010dke. Funkcija \u0161\u010ditnice se izbolj\u0161a, vsebnost sladkorja se hkrati normalizira <strong>\u0161kodljivi holesterol se znatno zmanj\u0161a.<\/strong>\u00a0Ob\u010dutek \u0161ibkosti in vrtoglavice popolnoma izgineta. Recardion tudi prepre\u010duje razvoj ateroskleroze. Uporablja se z jemanjem ene kapsule dvakrat na dan.<\/p>\r\n\r\n\r\n\r\n<h3><strong>Recardio odpravi simptome v kratkem \u010dasu<\/strong><\/h3>\r\n\r\n\r\n\r\n<p>Nadle\u017ena bole\u010dina v templjih in s tem povezana omotica izgineta po jemanju zdravila Recardio. Migrene so opazne pri pritisku na o\u010di, Recardio odstrani tudi ta simptom. Nadaljnje nev\u0161e\u010dnosti se zmanj\u0161ajo ali popolnoma odpravijo. Izbolj\u0161anje je opazno v 100% primerov:<\/p>\r\n\r\n\r\n\r\n<ul>\r\n<li>Srce se umiri, nobeno dirkajo\u010de srce ne vpliva na splo\u0161no stanje<\/li>\r\n<li>Stalna utrujenost v kombinaciji s slabo voljo je preteklost<\/li>\r\n<li>Po kratkem \u010dasu bolniki ne opazijo ve\u010d otrplosti v udih, \u0161e posebej opazne pono\u010di<\/li>\r\n<li>Zasoplost med napornimi aktivnostmi je manj opazna<\/li>\r\n<\/ul>\r\n\r\n\r\n\r\n<p>Vendar ni priporo\u010dljivo, da sami odmerek pove\u010date ali zmanj\u0161ate. Vsekakor morate kapsule jemati v skladu z navodili proizvajalca.<\/p>\r\n\r\n\r\n\r\n<figure class=\"wp-block-image\">\r\n<div style=\"width: 650px\" class=\"wp-caption alignnone\"><img loading=\"lazy\" src=\"https:\/\/lh3.googleusercontent.com\/1bDpYxzfFzW4z7GOlnv0q_dSb7wJCXxb_bIrJXbwQ1XgQBIBewAxBKoin8FI7yAEHxbJnqsEQpPooc4Uh51TDH4Uph09YHnyWhQj-XAxnwGvb3eXnXg6xFpC8WM9aq6F7LqJ8rW_\" alt=\"Recardio - Medikament zur Behandlung von Bluthochdruck\" width=\"640\" height=\"398\" \/><p class=\"wp-caption-text\">Z Recardio lahko v kratkem \u010dasu normalizirate krvni tlak. Va\u0161e po\u010dutje je pomembno!<\/p><\/div>\r\n<\/figure>\r\n\r\n\r\n\r\n<h2>Preverite svoje zdravje<\/h2>\r\n\r\n\r\n\r\n<p>\u010ce imate karkoli od na\u0161tetega, morate takoj za\u010deti jemati zdravilo Recardio:<\/p>\r\n\r\n\r\n\r\n<ul>\r\n<li>Silen vztrajen glavobol<\/li>\r\n<li>\u010de ste razdra\u017eljivi, vas bo mu\u010dila nespe\u010dnost<\/li>\r\n<li>pogled je v\u010dasih zamegljen<\/li>\r\n<li>so nagnjeni k znojenju<\/li>\r\n<li>kroni\u010dna utrujenost in palpitacije se pogosto pojavljajo skupaj<\/li>\r\n<li>prsti so pogosto mrzli in otrpli<\/li>\r\n<li>trpijo zaradi nihanj krvnega tlaka<\/li>\r\n<li>normalni krvni tlak je 120\/80. Kak\u0161en je va\u0161 krvni tlak<\/li>\r\n<\/ul>\r\n\r\n\r\n\r\n<p>Teh znakov ne jemljite zlahka; z njimi se borite tako, da vzamete Recardio. Nakup Recardio je enostavno narediti z nekaj kliki na internetu. \u010ce do\u017eivite Recardio, bo u\u010dinek za\u010del veljati takoj. Za izbolj\u0161anje vam ni treba \u010dakati dni. Nezdrav \u017eivljenjski slog spodbuja povi\u0161an krvni tlak in kajenje. U\u017eivanje alkohola v kombinaciji z bistveno napa\u010dno prehrano so nadaljnji koraki k visokemu krvnemu tlaku. Stres in visok holesterol sta prav tako \u0161kodljiva. Znanstveniki so ugotovili, da bioflavonoid pomembno prispeva k normalnemu krvnemu tlaku. Dokazano je, da zdravilo Recardio vsebuje veliko koli\u010dino bioflavonoida, medtem ko nekatera posebna zdravila vsebujejo to aktivno sestavino, vendar premalo za doseganje najbolj\u0161ih rezultatov.<\/p>\r\n\r\n\r\n\r\n<h2><strong>Rezultat posebnega pregleda<\/strong><\/h2>\r\n\r\n\r\n\r\n<p>Ena skupina preskusnih oseb je izrecno jemala zdravilo Recardio, druga skupina pa &#8220;placebo&#8221; z enakimi simptomi.<\/p>\r\n\r\n\r\n\n<table id=\"tablepress-11\" class=\"tablepress tablepress-id-11\">\n<tbody class=\"row-hover\">\n<tr class=\"row-1 odd\">\n\t<td class=\"column-1\"><\/td><td class=\"column-2\">Placebo<\/td><td class=\"column-3\">Recardio<\/td>\n<\/tr>\n<tr class=\"row-2 even\">\n\t<td class=\"column-1\">Blutdrucknormalisierung<\/td><td class=\"column-2\">1 %<\/td><td class=\"column-3\">100 %<\/td>\n<\/tr>\n<tr class=\"row-3 odd\">\n\t<td class=\"column-1\">Venenthrombose beseitigt<\/td><td class=\"column-2\">Keine Wirkung<\/td><td class=\"column-3\">90 %<\/td>\n<\/tr>\n<tr class=\"row-4 even\">\n\t<td class=\"column-1\">Beseitigung der Arrhythmie, eine Art Herzrhythmusst\u00f6rung<\/td><td class=\"column-2\">2 %<\/td><td class=\"column-3\">99 %<\/td>\n<\/tr>\n<\/tbody>\n<\/table>\n<!-- #tablepress-11 from cache -->\n\r\n\r\n\r\n<p>Rezultati povedo dovolj. \u017de v prvih \u0161estih urah je bilo opazno izbolj\u0161anje. Sr\u010dna funkcija se sama uravnava. Rastlinske celice se ujemajo s telesnimi celicami, zato zdravljenje poteka razmeroma hitro. Krvni tlak se naravno zni\u017ea. Zdravila, ki zni\u017eujejo krvni tlak s &#8220;kemi\u010dnim kladivom&#8221;, samo \u0161kodujejo in nimajo velike koristi. Recardio samodejno zmanj\u0161a tveganja, ki ka\u017eejo na mo\u017egansko kap, sr\u010dni napad, diabetes.<\/p>\r\n\r\n\r\n\r\n<figure class=\"wp-block-image\">\r\n<div style=\"width: 650px\" class=\"wp-caption alignnone\"><img loading=\"lazy\" src=\"https:\/\/lh5.googleusercontent.com\/GX_AQEZZQTYpBawQPV6gtd6wQ4itfgeNKMQO9UhOH7F7N70pttX5pYIseYbgr4TDNYuu5qupeyW3q0tpFx0hEFcbHWLrnx86iQPN1NPCFD1aRure5jHyjTJjV-IBXq4fmzxBjyu2\" alt=\"Recardio - Ihr Heilmittel gegen Bluthochdruck\" width=\"640\" height=\"426\" \/><p class=\"wp-caption-text\">Recardio blagodejno vpliva na srce in odpravlja povi\u0161an krvni tlak, v celoti skrbi za kardiovaskularni sistem<\/p><\/div>\r\n<\/figure>\r\n\r\n\r\n\r\n<h3><strong>Realisti\u010dne ocene<\/strong><\/h3>\r\n\r\n\r\n\r\n<p>V \u0161tevilnih poro\u010dilih je ve\u010dkrat poudarjeno, da Recardio takoj pomaga. Vendar pa obstajajo bolniki, ki se po prvem odmerku ali v nekaj dneh ne odzovejo na zdravilo Recardio. Proizvajalec priporo\u010da, da zdravilo poskusite en mesec. Mnogi ljudje pozno reagirajo na zdravila. <strong>Glede na izku\u0161nje Recardia Redardio na\u010deloma deluje, vendar je \u010dasovni razpon druga\u010den.<\/strong> Leta 2019 je bil Recardio izbran za enega izmed TOP100 izdelkov. Znanstveniki Recardio preverjajo glede vseh sestavin:<\/p>\r\n\r\n\r\n\r\n<ul>\r\n<li>V tem izdelku ni gensko spremenjenih snovi<\/li>\r\n<li>90% sestavin je naravnih rastlinskih sestavin<\/li>\r\n<li>Za sladkanje je bila uporabljena sukraloza, ki ne pove\u010da sladkorja v krvi in \u200b\u200bje primerna tudi za diabetike<\/li>\r\n<li>Visoka kakovost je uradno dokazana s certifikati<\/li>\r\n<\/ul>\r\n\r\n\r\n\r\n<p><br \/>Glede na sprejemljivo ceno Recardio je koristno, da izdelek preizkusite vsaj 30 dni. Opazili boste, da se po\u010dutite dobro, pomirjeni ste in zmanj\u0161ate tveganje za resne bolezni. Smiselno je, da to prepre\u010dimo na tako preprost na\u010din. Pripravek uporabljajte profilakti\u010dno, \u017eivite bolj sre\u010dno, nimate motenj spanja in ste na splo\u0161no bolj spro\u0161\u010deni.<\/p>\r\n\r\n\r\n\r\n<h2>Zaklju\u010dek<\/h2>\r\n\r\n\r\n\r\n<p>Ta odli\u010den, priporo\u010dljiv pripravek je bil podvr\u017een \u0161tevilnim znanstvenim raziskavam in je bil brez izjeme pozitivno ocenjen. Certifikati dokazujejo optimalen u\u010dinek izdelka. Zdravilo Recardio omogo\u010da, da z jemanjem prepre\u010dite bolezni ali visok krvni tlak. Za\u010detki bli\u017eajo\u010dega se visokega krvnega tlaka se \u010dez nekaj \u010dasa zatrejo in odpravijo. Cena Recardio je primerna, \u0161e posebej, ker so pogoste promocije; visokokakovosten izdelek je na voljo poceni. Kot je pojasnjeno, mora vsak uporabnik, ki se prito\u017euje zaradi ene od omenjenih zna\u010dilnosti bolezni, takoj dobiti zdravilo Recardio. Ker visok krvni tlak ne povzro\u010da hrupa in veliko ljudi simptome ne upo\u0161teva ali se sklicuje na druge vzroke, ne smemo podcenjevati tveganja za resno bolezen. Pacienti v svojih objavljenih izku\u0161njah Recardio poro\u010dajo, da \u017eelijo najprej preizkusiti pripravek en mesec. U\u010dinek je bil odlo\u010dilen, drogo \u0161e vedno uporabljajo in poro\u010dajo o bolj\u0161i kakovosti \u017eivljenja.<\/p>\r\n<a class=\"maxbutton-1 maxbutton maxbutton-cta\" target=\"_blank\" rel=\"nofollow noopener\" href=\"\/go\/\"><span class='mb-text'>&gt;&gt; Nakup Recardio po spletu<\/span><\/a>\r\n","protected":false},"excerpt":{"rendered":"<p>Visok krvni tlak je pomemben za vse, saj je mlaj\u0161a generacija ogro\u017eena tudi zaradi \u0161tevilnih dejavnikov: Genetska nagnjenost Stalni stres in napetost spodbujata povi\u0161an krvni tlak Vendar tudi pretiran \u017eivljenjski slog ni priporo\u010dljiv S\u010dasoma se simptomi poslab\u0161ajo, kar mnogi bolniki ignorirajo. Ni dovolj, da si ustvarite mirnej\u0161e, brez stresa vsakdanje \u017eivljenje; brez terapije se povi\u0161an [&hellip;]<\/p>\n","protected":false},"author":7,"featured_media":0,"parent":0,"menu_order":0,"comment_status":"closed","ping_status":"closed","template":"full-width.php","meta":[],"yoast_head":"<!-- This site is optimized with the Yoast SEO plugin v18.3 - https:\/\/yoast.com\/wordpress\/plugins\/seo\/ -->\n<title>Recardio - Uradna spletna stran<\/title>\n<meta name=\"description\" content=\"Recardio dose\u017ee rezultate ob prvi uporabi, krvni tlak se normalizira. Tveganje za sr\u010dni napad se znatno zmanj\u0161a. Niso samo starej\u0161i tisti, ki trpijo za visokim krvnim tlakom, to prizadene tudi mlaj\u0161e ljudi.\" \/>\n<meta name=\"robots\" content=\"index, follow, max-snippet:-1, max-image-preview:large, max-video-preview:-1\" \/>\n<link rel=\"canonical\" href=\"https:\/\/recardio.online\/sl\/\" \/>\n<meta property=\"og:locale\" content=\"sl_SI\" \/>\n<meta property=\"og:type\" content=\"article\" \/>\n<meta property=\"og:title\" content=\"Recardio - Uradna spletna stran\" \/>\n<meta property=\"og:description\" content=\"Recardio dose\u017ee rezultate ob prvi uporabi, krvni tlak se normalizira. Tveganje za sr\u010dni napad se znatno zmanj\u0161a. Niso samo starej\u0161i tisti, ki trpijo za visokim krvnim tlakom, to prizadene tudi mlaj\u0161e ljudi.\" \/>\n<meta property=\"og:url\" content=\"https:\/\/recardio.online\/sl\/\" \/>\n<meta property=\"og:site_name\" content=\"Recardio\" \/>\n<meta property=\"article:modified_time\" content=\"2020-12-02T15:27:49+00:00\" \/>\n<meta property=\"og:image\" content=\"https:\/\/lh5.googleusercontent.com\/-VPd-xprczZfr7NuPcWtd1XkUoIfxKUD8uwZwU3CGslytheTNS1wKR0Tcn8we9E8RQwGy4zmD3MTpEJW5r6T_LYMAqFqdUhScCZ8-eGW3ftP9_Lj-rXI05Uw28Fv0ty7ucCw4xVq\" \/>\n<meta name=\"twitter:card\" content=\"summary\" \/>\n<meta name=\"twitter:label1\" content=\"Est. reading time\" \/>\n\t<meta name=\"twitter:data1\" content=\"8 minut\" \/>\n<script type=\"application\/ld+json\" class=\"yoast-schema-graph\">{\"@context\":\"https:\/\/schema.org\",\"@graph\":[{\"@type\":\"WebSite\",\"@id\":\"https:\/\/recardio.online\/#website\",\"url\":\"https:\/\/recardio.online\/\",\"name\":\"Recardio\",\"description\":\"\",\"potentialAction\":[{\"@type\":\"SearchAction\",\"target\":{\"@type\":\"EntryPoint\",\"urlTemplate\":\"https:\/\/recardio.online\/?s={search_term_string}\"},\"query-input\":\"required name=search_term_string\"}],\"inLanguage\":\"sl-SI\"},{\"@type\":\"ImageObject\",\"@id\":\"https:\/\/recardio.online\/sl\/#primaryimage\",\"inLanguage\":\"sl-SI\",\"url\":\"https:\/\/lh5.googleusercontent.com\/-VPd-xprczZfr7NuPcWtd1XkUoIfxKUD8uwZwU3CGslytheTNS1wKR0Tcn8we9E8RQwGy4zmD3MTpEJW5r6T_LYMAqFqdUhScCZ8-eGW3ftP9_Lj-rXI05Uw28Fv0ty7ucCw4xVq\",\"contentUrl\":\"https:\/\/lh5.googleusercontent.com\/-VPd-xprczZfr7NuPcWtd1XkUoIfxKUD8uwZwU3CGslytheTNS1wKR0Tcn8we9E8RQwGy4zmD3MTpEJW5r6T_LYMAqFqdUhScCZ8-eGW3ftP9_Lj-rXI05Uw28Fv0ty7ucCw4xVq\"},{\"@type\":\"WebPage\",\"@id\":\"https:\/\/recardio.online\/sl\/#webpage\",\"url\":\"https:\/\/recardio.online\/sl\/\",\"name\":\"Recardio - Uradna spletna stran\",\"isPartOf\":{\"@id\":\"https:\/\/recardio.online\/#website\"},\"primaryImageOfPage\":{\"@id\":\"https:\/\/recardio.online\/sl\/#primaryimage\"},\"datePublished\":\"2019-09-30T18:46:55+00:00\",\"dateModified\":\"2020-12-02T15:27:49+00:00\",\"description\":\"Recardio dose\u017ee rezultate ob prvi uporabi, krvni tlak se normalizira. Tveganje za sr\u010dni napad se znatno zmanj\u0161a. Niso samo starej\u0161i tisti, ki trpijo za visokim krvnim tlakom, to prizadene tudi mlaj\u0161e ljudi.\",\"breadcrumb\":{\"@id\":\"https:\/\/recardio.online\/sl\/#breadcrumb\"},\"inLanguage\":\"sl-SI\",\"potentialAction\":[{\"@type\":\"ReadAction\",\"target\":[\"https:\/\/recardio.online\/sl\/\"]}]},{\"@type\":\"BreadcrumbList\",\"@id\":\"https:\/\/recardio.online\/sl\/#breadcrumb\",\"itemListElement\":[{\"@type\":\"ListItem\",\"position\":1,\"name\":\"Startseite\",\"item\":\"https:\/\/recardio.online\/sl\/\"},{\"@type\":\"ListItem\",\"position\":2,\"name\":\"Recardio Nakup tabli\u010dnih ra\u010dunalnikov v Nem\u010diji &#8211; cene in izku\u0161nje\"}]}]}<\/script>\n<!-- \/ Yoast SEO plugin. -->","yoast_head_json":{"title":"Recardio - Uradna spletna stran","description":"Recardio dose\u017ee rezultate ob prvi uporabi, krvni tlak se normalizira. Tveganje za sr\u010dni napad se znatno zmanj\u0161a. Niso samo starej\u0161i tisti, ki trpijo za visokim krvnim tlakom, to prizadene tudi mlaj\u0161e ljudi.","robots":{"index":"index","follow":"follow","max-snippet":"max-snippet:-1","max-image-preview":"max-image-preview:large","max-video-preview":"max-video-preview:-1"},"canonical":"https:\/\/recardio.online\/sl\/","og_locale":"sl_SI","og_type":"article","og_title":"Recardio - Uradna spletna stran","og_description":"Recardio dose\u017ee rezultate ob prvi uporabi, krvni tlak se normalizira. Tveganje za sr\u010dni napad se znatno zmanj\u0161a. Niso samo starej\u0161i tisti, ki trpijo za visokim krvnim tlakom, to prizadene tudi mlaj\u0161e ljudi.","og_url":"https:\/\/recardio.online\/sl\/","og_site_name":"Recardio","article_modified_time":"2020-12-02T15:27:49+00:00","og_image":[{"url":"https:\/\/lh5.googleusercontent.com\/-VPd-xprczZfr7NuPcWtd1XkUoIfxKUD8uwZwU3CGslytheTNS1wKR0Tcn8we9E8RQwGy4zmD3MTpEJW5r6T_LYMAqFqdUhScCZ8-eGW3ftP9_Lj-rXI05Uw28Fv0ty7ucCw4xVq"}],"twitter_card":"summary","twitter_misc":{"Est. reading time":"8 minut"},"schema":{"@context":"https:\/\/schema.org","@graph":[{"@type":"WebSite","@id":"https:\/\/recardio.online\/#website","url":"https:\/\/recardio.online\/","name":"Recardio","description":"","potentialAction":[{"@type":"SearchAction","target":{"@type":"EntryPoint","urlTemplate":"https:\/\/recardio.online\/?s={search_term_string}"},"query-input":"required name=search_term_string"}],"inLanguage":"sl-SI"},{"@type":"ImageObject","@id":"https:\/\/recardio.online\/sl\/#primaryimage","inLanguage":"sl-SI","url":"https:\/\/lh5.googleusercontent.com\/-VPd-xprczZfr7NuPcWtd1XkUoIfxKUD8uwZwU3CGslytheTNS1wKR0Tcn8we9E8RQwGy4zmD3MTpEJW5r6T_LYMAqFqdUhScCZ8-eGW3ftP9_Lj-rXI05Uw28Fv0ty7ucCw4xVq","contentUrl":"https:\/\/lh5.googleusercontent.com\/-VPd-xprczZfr7NuPcWtd1XkUoIfxKUD8uwZwU3CGslytheTNS1wKR0Tcn8we9E8RQwGy4zmD3MTpEJW5r6T_LYMAqFqdUhScCZ8-eGW3ftP9_Lj-rXI05Uw28Fv0ty7ucCw4xVq"},{"@type":"WebPage","@id":"https:\/\/recardio.online\/sl\/#webpage","url":"https:\/\/recardio.online\/sl\/","name":"Recardio - Uradna spletna stran","isPartOf":{"@id":"https:\/\/recardio.online\/#website"},"primaryImageOfPage":{"@id":"https:\/\/recardio.online\/sl\/#primaryimage"},"datePublished":"2019-09-30T18:46:55+00:00","dateModified":"2020-12-02T15:27:49+00:00","description":"Recardio dose\u017ee rezultate ob prvi uporabi, krvni tlak se normalizira. Tveganje za sr\u010dni napad se znatno zmanj\u0161a. Niso samo starej\u0161i tisti, ki trpijo za visokim krvnim tlakom, to prizadene tudi mlaj\u0161e ljudi.","breadcrumb":{"@id":"https:\/\/recardio.online\/sl\/#breadcrumb"},"inLanguage":"sl-SI","potentialAction":[{"@type":"ReadAction","target":["https:\/\/recardio.online\/sl\/"]}]},{"@type":"BreadcrumbList","@id":"https:\/\/recardio.online\/sl\/#breadcrumb","itemListElement":[{"@type":"ListItem","position":1,"name":"Startseite","item":"https:\/\/recardio.online\/sl\/"},{"@type":"ListItem","position":2,"name":"Recardio Nakup tabli\u010dnih ra\u010dunalnikov v Nem\u010diji &#8211; cene in izku\u0161nje"}]}]}},"_links":{"self":[{"href":"https:\/\/recardio.online\/sl\/wp-json\/wp\/v2\/pages\/382"}],"collection":[{"href":"https:\/\/recardio.online\/sl\/wp-json\/wp\/v2\/pages"}],"about":[{"href":"https:\/\/recardio.online\/sl\/wp-json\/wp\/v2\/types\/page"}],"author":[{"embeddable":true,"href":"https:\/\/recardio.online\/sl\/wp-json\/wp\/v2\/users\/7"}],"replies":[{"embeddable":true,"href":"https:\/\/recardio.online\/sl\/wp-json\/wp\/v2\/comments?post=382"}],"version-history":[{"count":6,"href":"https:\/\/recardio.online\/sl\/wp-json\/wp\/v2\/pages\/382\/revisions"}],"predecessor-version":[{"id":478,"href":"https:\/\/recardio.online\/sl\/wp-json\/wp\/v2\/pages\/382\/revisions\/478"}],"wp:attachment":[{"href":"https:\/\/recardio.online\/sl\/wp-json\/wp\/v2\/media?parent=382"}],"curies":[{"name":"wp","href":"https:\/\/api.w.org\/{rel}","templated":true}]}}